{"id":22671,"date":"2023-07-26T16:36:50","date_gmt":"2023-07-26T16:36:50","guid":{"rendered":"https:\/\/explore.local\/erfolgsgeschichten\/"},"modified":"2025-08-20T22:20:05","modified_gmt":"2025-08-20T22:20:05","slug":"success-stories","status":"publish","type":"page","link":"https:\/\/degreed.com\/experience\/de\/success-stories\/","title":{"rendered":"Erfolgsgeschichten"},"content":{"rendered":"","protected":false},"excerpt":{"rendered":"","protected":false},"author":21,"featured_media":31684,"parent":0,"menu_order":0,"comment_status":"closed","ping_status":"closed","template":"page_general.php","meta":{"_acf_changed":false,"inline_featured_image":false,"footnotes":""},"folder":[],"class_list":["post-22671","page","type-page","status-publish","has-post-thumbnail","hentry"],"acf":[],"yoast_head":"<!-- This site is optimized with the Yoast SEO Premium plugin v27.4 (Yoast SEO v27.4) - https:\/\/yoast.com\/product\/yoast-seo-premium-wordpress\/ -->\n<title>Erfolgsgeschichten - Degreed<\/title>\n<meta name=\"description\" content=\"Degreed hat eine Organisation ins Leben gerufen, deren Ziel es war, sich von starren Abschl\u00fcssen zu l\u00f6sen. Das ist auch weiterhin unser Ankerpunkt, wenn wir unseren Kunden dabei helfen, neue Wege f\u00fcr das Upskilling ihrer Mitarbeitenden zu finden.\" \/>\n<meta name=\"robots\" content=\"index, follow, max-snippet:-1, max-image-preview:large, max-video-preview:-1\" \/>\n<link rel=\"canonical\" href=\"https:\/\/degreed.com\/experience\/de\/success-stories\/\" \/>\n<meta property=\"og:locale\" content=\"de_DE\" \/>\n<meta property=\"og:type\" content=\"article\" \/>\n<meta property=\"og:title\" content=\"Erfolgsgeschichten\" \/>\n<meta property=\"og:description\" content=\"Degreed hat eine Organisation ins Leben gerufen, deren Ziel es war, sich von starren Abschl\u00fcssen zu l\u00f6sen. Das ist auch weiterhin unser Ankerpunkt, wenn wir unseren Kunden dabei helfen, neue Wege f\u00fcr das Upskilling ihrer Mitarbeitenden zu finden.\" \/>\n<meta property=\"og:url\" content=\"https:\/\/degreed.com\/experience\/de\/success-stories\/\" \/>\n<meta property=\"og:site_name\" content=\"Degreed\" \/>\n<meta property=\"article:publisher\" content=\"https:\/\/www.facebook.com\/DegreedOfficial\" \/>\n<meta property=\"article:modified_time\" content=\"2025-08-20T22:20:05+00:00\" \/>\n<meta property=\"og:image\" content=\"https:\/\/explore.degreed.com\/wp-content\/uploads\/2023\/09\/meta-image-degreed.jpg\" \/>\n\t<meta property=\"og:image:width\" content=\"1200\" \/>\n\t<meta property=\"og:image:height\" content=\"630\" \/>\n\t<meta property=\"og:image:type\" content=\"image\/jpeg\" \/>\n<meta name=\"twitter:card\" content=\"summary_large_image\" \/>\n<meta name=\"twitter:site\" content=\"@degreed\" \/>\n<meta name=\"twitter:label1\" content=\"Gesch\u00e4tzte Lesezeit\" \/>\n\t<meta name=\"twitter:data1\" content=\"18 Minuten\" \/>\n<script type=\"application\/ld+json\" class=\"yoast-schema-graph\">{\"@context\":\"https:\\\/\\\/schema.org\",\"@graph\":[{\"@type\":\"WebPage\",\"@id\":\"https:\\\/\\\/degreed.com\\\/experience\\\/de\\\/success-stories\\\/\",\"url\":\"https:\\\/\\\/degreed.com\\\/experience\\\/de\\\/success-stories\\\/\",\"name\":\"Erfolgsgeschichten - Degreed\",\"isPartOf\":{\"@id\":\"https:\\\/\\\/degreed.com\\\/experience\\\/de\\\/#website\"},\"primaryImageOfPage\":{\"@id\":\"https:\\\/\\\/degreed.com\\\/experience\\\/de\\\/success-stories\\\/#primaryimage\"},\"image\":{\"@id\":\"https:\\\/\\\/degreed.com\\\/experience\\\/de\\\/success-stories\\\/#primaryimage\"},\"thumbnailUrl\":\"https:\\\/\\\/explore.degreed.com\\\/wp-content\\\/uploads\\\/2023\\\/09\\\/meta-image-degreed.jpg\",\"datePublished\":\"2023-07-26T16:36:50+00:00\",\"dateModified\":\"2025-08-20T22:20:05+00:00\",\"description\":\"Degreed hat eine Organisation ins Leben gerufen, deren Ziel es war, sich von starren Abschl\u00fcssen zu l\u00f6sen. Das ist auch weiterhin unser Ankerpunkt, wenn wir unseren Kunden dabei helfen, neue Wege f\u00fcr das Upskilling ihrer Mitarbeitenden zu finden.\",\"breadcrumb\":{\"@id\":\"https:\\\/\\\/degreed.com\\\/experience\\\/de\\\/success-stories\\\/#breadcrumb\"},\"inLanguage\":\"de-DE\",\"potentialAction\":[{\"@type\":\"ReadAction\",\"target\":[\"https:\\\/\\\/degreed.com\\\/experience\\\/de\\\/success-stories\\\/\"]}]},{\"@type\":\"ImageObject\",\"inLanguage\":\"de-DE\",\"@id\":\"https:\\\/\\\/degreed.com\\\/experience\\\/de\\\/success-stories\\\/#primaryimage\",\"url\":\"https:\\\/\\\/explore.degreed.com\\\/wp-content\\\/uploads\\\/2023\\\/09\\\/meta-image-degreed.jpg\",\"contentUrl\":\"https:\\\/\\\/explore.degreed.com\\\/wp-content\\\/uploads\\\/2023\\\/09\\\/meta-image-degreed.jpg\",\"width\":1200,\"height\":630,\"caption\":\"Image Degreed\"},{\"@type\":\"BreadcrumbList\",\"@id\":\"https:\\\/\\\/degreed.com\\\/experience\\\/de\\\/success-stories\\\/#breadcrumb\",\"itemListElement\":[{\"@type\":\"ListItem\",\"position\":1,\"name\":\"Home\",\"item\":\"https:\\\/\\\/degreed.com\\\/experience\\\/de\\\/\"},{\"@type\":\"ListItem\",\"position\":2,\"name\":\"Erfolgsgeschichten\"}]},{\"@type\":\"WebSite\",\"@id\":\"https:\\\/\\\/degreed.com\\\/experience\\\/de\\\/#website\",\"url\":\"https:\\\/\\\/degreed.com\\\/experience\\\/de\\\/\",\"name\":\"Degreed\",\"description\":\"The Learning and Upskilling Platform\",\"publisher\":{\"@id\":\"https:\\\/\\\/degreed.com\\\/experience\\\/de\\\/#organization\"},\"potentialAction\":[{\"@type\":\"SearchAction\",\"target\":{\"@type\":\"EntryPoint\",\"urlTemplate\":\"https:\\\/\\\/degreed.com\\\/experience\\\/de\\\/?s={search_term_string}\"},\"query-input\":{\"@type\":\"PropertyValueSpecification\",\"valueRequired\":true,\"valueName\":\"search_term_string\"}}],\"inLanguage\":\"de-DE\"},{\"@type\":\"Organization\",\"@id\":\"https:\\\/\\\/degreed.com\\\/experience\\\/de\\\/#organization\",\"name\":\"Degreed\",\"url\":\"https:\\\/\\\/degreed.com\\\/experience\\\/de\\\/\",\"logo\":{\"@type\":\"ImageObject\",\"inLanguage\":\"de-DE\",\"@id\":\"https:\\\/\\\/degreed.com\\\/experience\\\/de\\\/#\\\/schema\\\/logo\\\/image\\\/\",\"url\":\"https:\\\/\\\/explore.degreed.com\\\/wp-content\\\/uploads\\\/2023\\\/05\\\/logo.svg\",\"contentUrl\":\"https:\\\/\\\/explore.degreed.com\\\/wp-content\\\/uploads\\\/2023\\\/05\\\/logo.svg\",\"caption\":\"Degreed\"},\"image\":{\"@id\":\"https:\\\/\\\/degreed.com\\\/experience\\\/de\\\/#\\\/schema\\\/logo\\\/image\\\/\"},\"sameAs\":[\"https:\\\/\\\/www.facebook.com\\\/DegreedOfficial\",\"https:\\\/\\\/x.com\\\/degreed\",\"https:\\\/\\\/www.linkedin.com\\\/company\\\/degreed\\\/\",\"https:\\\/\\\/www.youtube.com\\\/channel\\\/UCkH3pyPKVngvsZzZlmoH-Mw\",\"https:\\\/\\\/www.instagram.com\\\/degreed\\\/\"],\"numberOfEmployees\":{\"@type\":\"QuantitativeValue\",\"minValue\":\"201\",\"maxValue\":\"500\"}}]}<\/script>\n<!-- \/ Yoast SEO Premium plugin. -->","yoast_head_json":{"title":"Erfolgsgeschichten - Degreed","description":"Degreed hat eine Organisation ins Leben gerufen, deren Ziel es war, sich von starren Abschl\u00fcssen zu l\u00f6sen. Das ist auch weiterhin unser Ankerpunkt, wenn wir unseren Kunden dabei helfen, neue Wege f\u00fcr das Upskilling ihrer Mitarbeitenden zu finden.","robots":{"index":"index","follow":"follow","max-snippet":"max-snippet:-1","max-image-preview":"max-image-preview:large","max-video-preview":"max-video-preview:-1"},"canonical":"https:\/\/degreed.com\/experience\/de\/success-stories\/","og_locale":"de_DE","og_type":"article","og_title":"Erfolgsgeschichten","og_description":"Degreed hat eine Organisation ins Leben gerufen, deren Ziel es war, sich von starren Abschl\u00fcssen zu l\u00f6sen. Das ist auch weiterhin unser Ankerpunkt, wenn wir unseren Kunden dabei helfen, neue Wege f\u00fcr das Upskilling ihrer Mitarbeitenden zu finden.","og_url":"https:\/\/degreed.com\/experience\/de\/success-stories\/","og_site_name":"Degreed","article_publisher":"https:\/\/www.facebook.com\/DegreedOfficial","article_modified_time":"2025-08-20T22:20:05+00:00","og_image":[{"width":1200,"height":630,"url":"https:\/\/explore.degreed.com\/wp-content\/uploads\/2023\/09\/meta-image-degreed.jpg","type":"image\/jpeg"}],"twitter_card":"summary_large_image","twitter_site":"@degreed","twitter_misc":{"Gesch\u00e4tzte Lesezeit":"18 Minuten"},"schema":{"@context":"https:\/\/schema.org","@graph":[{"@type":"WebPage","@id":"https:\/\/degreed.com\/experience\/de\/success-stories\/","url":"https:\/\/degreed.com\/experience\/de\/success-stories\/","name":"Erfolgsgeschichten - Degreed","isPartOf":{"@id":"https:\/\/degreed.com\/experience\/de\/#website"},"primaryImageOfPage":{"@id":"https:\/\/degreed.com\/experience\/de\/success-stories\/#primaryimage"},"image":{"@id":"https:\/\/degreed.com\/experience\/de\/success-stories\/#primaryimage"},"thumbnailUrl":"https:\/\/explore.degreed.com\/wp-content\/uploads\/2023\/09\/meta-image-degreed.jpg","datePublished":"2023-07-26T16:36:50+00:00","dateModified":"2025-08-20T22:20:05+00:00","description":"Degreed hat eine Organisation ins Leben gerufen, deren Ziel es war, sich von starren Abschl\u00fcssen zu l\u00f6sen. Das ist auch weiterhin unser Ankerpunkt, wenn wir unseren Kunden dabei helfen, neue Wege f\u00fcr das Upskilling ihrer Mitarbeitenden zu finden.","breadcrumb":{"@id":"https:\/\/degreed.com\/experience\/de\/success-stories\/#breadcrumb"},"inLanguage":"de-DE","potentialAction":[{"@type":"ReadAction","target":["https:\/\/degreed.com\/experience\/de\/success-stories\/"]}]},{"@type":"ImageObject","inLanguage":"de-DE","@id":"https:\/\/degreed.com\/experience\/de\/success-stories\/#primaryimage","url":"https:\/\/explore.degreed.com\/wp-content\/uploads\/2023\/09\/meta-image-degreed.jpg","contentUrl":"https:\/\/explore.degreed.com\/wp-content\/uploads\/2023\/09\/meta-image-degreed.jpg","width":1200,"height":630,"caption":"Image Degreed"},{"@type":"BreadcrumbList","@id":"https:\/\/degreed.com\/experience\/de\/success-stories\/#breadcrumb","itemListElement":[{"@type":"ListItem","position":1,"name":"Home","item":"https:\/\/degreed.com\/experience\/de\/"},{"@type":"ListItem","position":2,"name":"Erfolgsgeschichten"}]},{"@type":"WebSite","@id":"https:\/\/degreed.com\/experience\/de\/#website","url":"https:\/\/degreed.com\/experience\/de\/","name":"Degreed","description":"The Learning and Upskilling Platform","publisher":{"@id":"https:\/\/degreed.com\/experience\/de\/#organization"},"potentialAction":[{"@type":"SearchAction","target":{"@type":"EntryPoint","urlTemplate":"https:\/\/degreed.com\/experience\/de\/?s={search_term_string}"},"query-input":{"@type":"PropertyValueSpecification","valueRequired":true,"valueName":"search_term_string"}}],"inLanguage":"de-DE"},{"@type":"Organization","@id":"https:\/\/degreed.com\/experience\/de\/#organization","name":"Degreed","url":"https:\/\/degreed.com\/experience\/de\/","logo":{"@type":"ImageObject","inLanguage":"de-DE","@id":"https:\/\/degreed.com\/experience\/de\/#\/schema\/logo\/image\/","url":"https:\/\/explore.degreed.com\/wp-content\/uploads\/2023\/05\/logo.svg","contentUrl":"https:\/\/explore.degreed.com\/wp-content\/uploads\/2023\/05\/logo.svg","caption":"Degreed"},"image":{"@id":"https:\/\/degreed.com\/experience\/de\/#\/schema\/logo\/image\/"},"sameAs":["https:\/\/www.facebook.com\/DegreedOfficial","https:\/\/x.com\/degreed","https:\/\/www.linkedin.com\/company\/degreed\/","https:\/\/www.youtube.com\/channel\/UCkH3pyPKVngvsZzZlmoH-Mw","https:\/\/www.instagram.com\/degreed\/"],"numberOfEmployees":{"@type":"QuantitativeValue","minValue":"201","maxValue":"500"}}]}},"publishpress_future_action":{"enabled":false,"date":"2026-05-14 16:46:27","action":"change-status","newStatus":"draft","terms":[],"taxonomy":"translation_priority","extraData":[]},"publishpress_future_workflow_manual_trigger":{"enabledWorkflows":[]},"_links":{"self":[{"href":"https:\/\/explore.degreed.com\/experience\/de\/wp-json\/wp\/v2\/pages\/22671","targetHints":{"allow":["GET"]}}],"collection":[{"href":"https:\/\/explore.degreed.com\/experience\/de\/wp-json\/wp\/v2\/pages"}],"about":[{"href":"https:\/\/explore.degreed.com\/experience\/de\/wp-json\/wp\/v2\/types\/page"}],"author":[{"embeddable":true,"href":"https:\/\/explore.degreed.com\/experience\/de\/wp-json\/wp\/v2\/users\/21"}],"replies":[{"embeddable":true,"href":"https:\/\/explore.degreed.com\/experience\/de\/wp-json\/wp\/v2\/comments?post=22671"}],"version-history":[{"count":0,"href":"https:\/\/explore.degreed.com\/experience\/de\/wp-json\/wp\/v2\/pages\/22671\/revisions"}],"wp:featuredmedia":[{"embeddable":true,"href":"https:\/\/explore.degreed.com\/experience\/de\/wp-json\/wp\/v2\/media\/31684"}],"wp:attachment":[{"href":"https:\/\/explore.degreed.com\/experience\/de\/wp-json\/wp\/v2\/media?parent=22671"}],"wp:term":[{"taxonomy":"folder","embeddable":true,"href":"https:\/\/explore.degreed.com\/experience\/de\/wp-json\/wp\/v2\/folder?post=22671"}],"curies":[{"name":"wp","href":"https:\/\/api.w.org\/{rel}","templated":true}]}}