{"id":32849,"date":"2023-07-11T16:08:28","date_gmt":"2023-07-11T16:08:28","guid":{"rendered":"https:\/\/explore.local\/gute-gruende-fuer-degreed\/"},"modified":"2025-06-16T13:12:56","modified_gmt":"2025-06-16T13:12:56","slug":"why","status":"publish","type":"page","link":"https:\/\/degreed.com\/experience\/de\/why\/","title":{"rendered":"Gute Gr\u00fcnde f\u00fcr Degreed"},"content":{"rendered":"","protected":false},"excerpt":{"rendered":"<p>Degreed bietet Ihnen die Einblicke und Tools, mit denen Sie die Skills Ihrer Besch\u00e4ftigten mit Ihren gesch\u00e4ftlichen Anforderungen in Einklang bringen k\u00f6nnen \u2013 damit am Ende alle gewinnen.  Erfahren Sie mehr!<\/p>\n","protected":false},"author":21,"featured_media":31684,"parent":0,"menu_order":0,"comment_status":"closed","ping_status":"closed","template":"page_general.php","meta":{"_acf_changed":false,"inline_featured_image":false,"footnotes":""},"folder":[],"class_list":["post-32849","page","type-page","status-publish","has-post-thumbnail","hentry"],"acf":[],"yoast_head":"<!-- This site is optimized with the Yoast SEO Premium plugin v27.2 (Yoast SEO v27.3) - https:\/\/yoast.com\/product\/yoast-seo-premium-wordpress\/ -->\n<title>Darum sollten Sie Degreed zu Ihrem LXP-Partner machen | Degreed<\/title>\n<meta name=\"description\" content=\"Mit Degreed stellen Sie ganz einfach Inhalte f\u00fcr t\u00e4gliches Lernen, Skillentwicklung, Bildungsleistungen, Echtzeitdaten und Expertendienste bereit.\" \/>\n<meta name=\"robots\" content=\"index, follow, max-snippet:-1, max-image-preview:large, max-video-preview:-1\" \/>\n<link rel=\"canonical\" href=\"https:\/\/degreed.com\/experience\/de\/why\/\" \/>\n<meta property=\"og:locale\" content=\"de_DE\" \/>\n<meta property=\"og:type\" content=\"article\" \/>\n<meta property=\"og:title\" content=\"Gute Gr\u00fcnde f\u00fcr Degreed\" \/>\n<meta property=\"og:description\" content=\"Mit Degreed stellen Sie ganz einfach Inhalte f\u00fcr t\u00e4gliches Lernen, Skillentwicklung, Bildungsleistungen, Echtzeitdaten und Expertendienste bereit.\" \/>\n<meta property=\"og:url\" content=\"https:\/\/degreed.com\/experience\/de\/why\/\" \/>\n<meta property=\"og:site_name\" content=\"Degreed\" \/>\n<meta property=\"article:publisher\" content=\"https:\/\/www.facebook.com\/DegreedOfficial\" \/>\n<meta property=\"article:modified_time\" content=\"2025-06-16T13:12:56+00:00\" \/>\n<meta property=\"og:image\" content=\"https:\/\/degreedexplore.wpengine.com\/wp-content\/uploads\/2023\/07\/metaimage_Degreed-1024x538.png\" \/>\n<meta name=\"twitter:card\" content=\"summary_large_image\" \/>\n<meta name=\"twitter:image\" content=\"https:\/\/degreedexplore.wpengine.com\/wp-content\/uploads\/2023\/07\/metaimage_Degreed-1024x538.png\" \/>\n<meta name=\"twitter:site\" content=\"@degreed\" \/>\n<meta name=\"twitter:label1\" content=\"Gesch\u00e4tzte Lesezeit\" \/>\n\t<meta name=\"twitter:data1\" content=\"1 Minute\" \/>\n<script type=\"application\/ld+json\" class=\"yoast-schema-graph\">{\"@context\":\"https:\\\/\\\/schema.org\",\"@graph\":[{\"@type\":\"WebPage\",\"@id\":\"https:\\\/\\\/degreed.com\\\/experience\\\/de\\\/why\\\/\",\"url\":\"https:\\\/\\\/degreed.com\\\/experience\\\/de\\\/why\\\/\",\"name\":\"Darum sollten Sie Degreed zu Ihrem LXP-Partner machen | Degreed\",\"isPartOf\":{\"@id\":\"https:\\\/\\\/degreed.com\\\/experience\\\/de\\\/#website\"},\"primaryImageOfPage\":{\"@id\":\"https:\\\/\\\/degreed.com\\\/experience\\\/de\\\/why\\\/#primaryimage\"},\"image\":{\"@id\":\"https:\\\/\\\/degreed.com\\\/experience\\\/de\\\/why\\\/#primaryimage\"},\"thumbnailUrl\":\"https:\\\/\\\/explore.degreed.com\\\/wp-content\\\/uploads\\\/2023\\\/09\\\/meta-image-degreed.jpg\",\"datePublished\":\"2023-07-11T16:08:28+00:00\",\"dateModified\":\"2025-06-16T13:12:56+00:00\",\"description\":\"Mit Degreed stellen Sie ganz einfach Inhalte f\u00fcr t\u00e4gliches Lernen, Skillentwicklung, Bildungsleistungen, Echtzeitdaten und Expertendienste bereit.\",\"breadcrumb\":{\"@id\":\"https:\\\/\\\/degreed.com\\\/experience\\\/de\\\/why\\\/#breadcrumb\"},\"inLanguage\":\"de-DE\",\"potentialAction\":[{\"@type\":\"ReadAction\",\"target\":[\"https:\\\/\\\/degreed.com\\\/experience\\\/de\\\/why\\\/\"]}]},{\"@type\":\"ImageObject\",\"inLanguage\":\"de-DE\",\"@id\":\"https:\\\/\\\/degreed.com\\\/experience\\\/de\\\/why\\\/#primaryimage\",\"url\":\"https:\\\/\\\/explore.degreed.com\\\/wp-content\\\/uploads\\\/2023\\\/09\\\/meta-image-degreed.jpg\",\"contentUrl\":\"https:\\\/\\\/explore.degreed.com\\\/wp-content\\\/uploads\\\/2023\\\/09\\\/meta-image-degreed.jpg\",\"width\":1200,\"height\":630,\"caption\":\"Image Degreed\"},{\"@type\":\"BreadcrumbList\",\"@id\":\"https:\\\/\\\/degreed.com\\\/experience\\\/de\\\/why\\\/#breadcrumb\",\"itemListElement\":[{\"@type\":\"ListItem\",\"position\":1,\"name\":\"Home\",\"item\":\"https:\\\/\\\/degreed.com\\\/experience\\\/de\\\/\"},{\"@type\":\"ListItem\",\"position\":2,\"name\":\"Gute Gr\u00fcnde f\u00fcr Degreed\"}]},{\"@type\":\"WebSite\",\"@id\":\"https:\\\/\\\/degreed.com\\\/experience\\\/de\\\/#website\",\"url\":\"https:\\\/\\\/degreed.com\\\/experience\\\/de\\\/\",\"name\":\"Degreed\",\"description\":\"The Learning and Upskilling Platform\",\"publisher\":{\"@id\":\"https:\\\/\\\/degreed.com\\\/experience\\\/de\\\/#organization\"},\"potentialAction\":[{\"@type\":\"SearchAction\",\"target\":{\"@type\":\"EntryPoint\",\"urlTemplate\":\"https:\\\/\\\/degreed.com\\\/experience\\\/de\\\/?s={search_term_string}\"},\"query-input\":{\"@type\":\"PropertyValueSpecification\",\"valueRequired\":true,\"valueName\":\"search_term_string\"}}],\"inLanguage\":\"de-DE\"},{\"@type\":\"Organization\",\"@id\":\"https:\\\/\\\/degreed.com\\\/experience\\\/de\\\/#organization\",\"name\":\"Degreed\",\"url\":\"https:\\\/\\\/degreed.com\\\/experience\\\/de\\\/\",\"logo\":{\"@type\":\"ImageObject\",\"inLanguage\":\"de-DE\",\"@id\":\"https:\\\/\\\/degreed.com\\\/experience\\\/de\\\/#\\\/schema\\\/logo\\\/image\\\/\",\"url\":\"https:\\\/\\\/explore.degreed.com\\\/wp-content\\\/uploads\\\/2023\\\/05\\\/logo.svg\",\"contentUrl\":\"https:\\\/\\\/explore.degreed.com\\\/wp-content\\\/uploads\\\/2023\\\/05\\\/logo.svg\",\"caption\":\"Degreed\"},\"image\":{\"@id\":\"https:\\\/\\\/degreed.com\\\/experience\\\/de\\\/#\\\/schema\\\/logo\\\/image\\\/\"},\"sameAs\":[\"https:\\\/\\\/www.facebook.com\\\/DegreedOfficial\",\"https:\\\/\\\/x.com\\\/degreed\",\"https:\\\/\\\/www.linkedin.com\\\/company\\\/degreed\\\/\",\"https:\\\/\\\/www.youtube.com\\\/channel\\\/UCkH3pyPKVngvsZzZlmoH-Mw\",\"https:\\\/\\\/www.instagram.com\\\/degreed\\\/\"],\"numberOfEmployees\":{\"@type\":\"QuantitativeValue\",\"minValue\":\"201\",\"maxValue\":\"500\"}}]}<\/script>\n<!-- \/ Yoast SEO Premium plugin. -->","yoast_head_json":{"title":"Darum sollten Sie Degreed zu Ihrem LXP-Partner machen | Degreed","description":"Mit Degreed stellen Sie ganz einfach Inhalte f\u00fcr t\u00e4gliches Lernen, Skillentwicklung, Bildungsleistungen, Echtzeitdaten und Expertendienste bereit.","robots":{"index":"index","follow":"follow","max-snippet":"max-snippet:-1","max-image-preview":"max-image-preview:large","max-video-preview":"max-video-preview:-1"},"canonical":"https:\/\/degreed.com\/experience\/de\/why\/","og_locale":"de_DE","og_type":"article","og_title":"Gute Gr\u00fcnde f\u00fcr Degreed","og_description":"Mit Degreed stellen Sie ganz einfach Inhalte f\u00fcr t\u00e4gliches Lernen, Skillentwicklung, Bildungsleistungen, Echtzeitdaten und Expertendienste bereit.","og_url":"https:\/\/degreed.com\/experience\/de\/why\/","og_site_name":"Degreed","article_publisher":"https:\/\/www.facebook.com\/DegreedOfficial","article_modified_time":"2025-06-16T13:12:56+00:00","og_image":[{"url":"https:\/\/degreedexplore.wpengine.com\/wp-content\/uploads\/2023\/07\/metaimage_Degreed-1024x538.png","type":"","width":"","height":""}],"twitter_card":"summary_large_image","twitter_image":"https:\/\/degreedexplore.wpengine.com\/wp-content\/uploads\/2023\/07\/metaimage_Degreed-1024x538.png","twitter_site":"@degreed","twitter_misc":{"Gesch\u00e4tzte Lesezeit":"1 Minute"},"schema":{"@context":"https:\/\/schema.org","@graph":[{"@type":"WebPage","@id":"https:\/\/degreed.com\/experience\/de\/why\/","url":"https:\/\/degreed.com\/experience\/de\/why\/","name":"Darum sollten Sie Degreed zu Ihrem LXP-Partner machen | Degreed","isPartOf":{"@id":"https:\/\/degreed.com\/experience\/de\/#website"},"primaryImageOfPage":{"@id":"https:\/\/degreed.com\/experience\/de\/why\/#primaryimage"},"image":{"@id":"https:\/\/degreed.com\/experience\/de\/why\/#primaryimage"},"thumbnailUrl":"https:\/\/explore.degreed.com\/wp-content\/uploads\/2023\/09\/meta-image-degreed.jpg","datePublished":"2023-07-11T16:08:28+00:00","dateModified":"2025-06-16T13:12:56+00:00","description":"Mit Degreed stellen Sie ganz einfach Inhalte f\u00fcr t\u00e4gliches Lernen, Skillentwicklung, Bildungsleistungen, Echtzeitdaten und Expertendienste bereit.","breadcrumb":{"@id":"https:\/\/degreed.com\/experience\/de\/why\/#breadcrumb"},"inLanguage":"de-DE","potentialAction":[{"@type":"ReadAction","target":["https:\/\/degreed.com\/experience\/de\/why\/"]}]},{"@type":"ImageObject","inLanguage":"de-DE","@id":"https:\/\/degreed.com\/experience\/de\/why\/#primaryimage","url":"https:\/\/explore.degreed.com\/wp-content\/uploads\/2023\/09\/meta-image-degreed.jpg","contentUrl":"https:\/\/explore.degreed.com\/wp-content\/uploads\/2023\/09\/meta-image-degreed.jpg","width":1200,"height":630,"caption":"Image Degreed"},{"@type":"BreadcrumbList","@id":"https:\/\/degreed.com\/experience\/de\/why\/#breadcrumb","itemListElement":[{"@type":"ListItem","position":1,"name":"Home","item":"https:\/\/degreed.com\/experience\/de\/"},{"@type":"ListItem","position":2,"name":"Gute Gr\u00fcnde f\u00fcr Degreed"}]},{"@type":"WebSite","@id":"https:\/\/degreed.com\/experience\/de\/#website","url":"https:\/\/degreed.com\/experience\/de\/","name":"Degreed","description":"The Learning and Upskilling Platform","publisher":{"@id":"https:\/\/degreed.com\/experience\/de\/#organization"},"potentialAction":[{"@type":"SearchAction","target":{"@type":"EntryPoint","urlTemplate":"https:\/\/degreed.com\/experience\/de\/?s={search_term_string}"},"query-input":{"@type":"PropertyValueSpecification","valueRequired":true,"valueName":"search_term_string"}}],"inLanguage":"de-DE"},{"@type":"Organization","@id":"https:\/\/degreed.com\/experience\/de\/#organization","name":"Degreed","url":"https:\/\/degreed.com\/experience\/de\/","logo":{"@type":"ImageObject","inLanguage":"de-DE","@id":"https:\/\/degreed.com\/experience\/de\/#\/schema\/logo\/image\/","url":"https:\/\/explore.degreed.com\/wp-content\/uploads\/2023\/05\/logo.svg","contentUrl":"https:\/\/explore.degreed.com\/wp-content\/uploads\/2023\/05\/logo.svg","caption":"Degreed"},"image":{"@id":"https:\/\/degreed.com\/experience\/de\/#\/schema\/logo\/image\/"},"sameAs":["https:\/\/www.facebook.com\/DegreedOfficial","https:\/\/x.com\/degreed","https:\/\/www.linkedin.com\/company\/degreed\/","https:\/\/www.youtube.com\/channel\/UCkH3pyPKVngvsZzZlmoH-Mw","https:\/\/www.instagram.com\/degreed\/"],"numberOfEmployees":{"@type":"QuantitativeValue","minValue":"201","maxValue":"500"}}]}},"publishpress_future_action":{"enabled":false,"date":"2026-04-25 16:14:19","action":"change-status","newStatus":"draft","terms":[],"taxonomy":"translation_priority","extraData":[]},"publishpress_future_workflow_manual_trigger":{"enabledWorkflows":[]},"_links":{"self":[{"href":"https:\/\/explore.degreed.com\/experience\/de\/wp-json\/wp\/v2\/pages\/32849","targetHints":{"allow":["GET"]}}],"collection":[{"href":"https:\/\/explore.degreed.com\/experience\/de\/wp-json\/wp\/v2\/pages"}],"about":[{"href":"https:\/\/explore.degreed.com\/experience\/de\/wp-json\/wp\/v2\/types\/page"}],"author":[{"embeddable":true,"href":"https:\/\/explore.degreed.com\/experience\/de\/wp-json\/wp\/v2\/users\/21"}],"replies":[{"embeddable":true,"href":"https:\/\/explore.degreed.com\/experience\/de\/wp-json\/wp\/v2\/comments?post=32849"}],"version-history":[{"count":0,"href":"https:\/\/explore.degreed.com\/experience\/de\/wp-json\/wp\/v2\/pages\/32849\/revisions"}],"wp:featuredmedia":[{"embeddable":true,"href":"https:\/\/explore.degreed.com\/experience\/de\/wp-json\/wp\/v2\/media\/31684"}],"wp:attachment":[{"href":"https:\/\/explore.degreed.com\/experience\/de\/wp-json\/wp\/v2\/media?parent=32849"}],"wp:term":[{"taxonomy":"folder","embeddable":true,"href":"https:\/\/explore.degreed.com\/experience\/de\/wp-json\/wp\/v2\/folder?post=32849"}],"curies":[{"name":"wp","href":"https:\/\/api.w.org\/{rel}","templated":true}]}}