{"id":86136,"date":"2024-10-07T22:47:43","date_gmt":"2024-10-07T22:47:43","guid":{"rendered":"https:\/\/degreed.com\/experience\/?page_id=86136"},"modified":"2025-12-10T00:52:21","modified_gmt":"2025-12-10T00:52:21","slug":"use-cases-reskilling","status":"publish","type":"page","link":"https:\/\/degreed.com\/experience\/de\/use-cases-reskilling\/","title":{"rendered":"Anwendungsf\u00e4lle\u00a0\u2013 Reskilling"},"content":{"rendered":"","protected":false},"excerpt":{"rendered":"","protected":false},"author":22,"featured_media":0,"parent":0,"menu_order":0,"comment_status":"closed","ping_status":"closed","template":"page_general.php","meta":{"_acf_changed":false,"inline_featured_image":false,"footnotes":""},"folder":[],"class_list":["post-86136","page","type-page","status-publish","hentry"],"acf":[],"yoast_head":"<!-- This site is optimized with the Yoast SEO Premium plugin v27.2 (Yoast SEO v27.2) - https:\/\/yoast.com\/product\/yoast-seo-premium-wordpress\/ -->\n<title>Anwendungsf\u00e4lle\u00a0\u2013 Reskilling - Degreed<\/title>\n<meta name=\"description\" content=\"Qualifizieren Sie Ihre Belegschaft mit Degreed f\u00fcr die Anforderungen der Zukunft. Erkennen, personalisieren und entwickeln Sie die Skills, die n\u00f6tig sind, um L\u00fccken zu schlie\u00dfen und sich auf Marktver\u00e4nderungen vorzubereiten.\" \/>\n<meta name=\"robots\" content=\"index, follow, max-snippet:-1, max-image-preview:large, max-video-preview:-1\" \/>\n<link rel=\"canonical\" href=\"https:\/\/degreed.com\/experience\/de\/use-cases-reskilling\/\" \/>\n<meta property=\"og:locale\" content=\"de_DE\" \/>\n<meta property=\"og:type\" content=\"article\" \/>\n<meta property=\"og:title\" content=\"Anwendungsf\u00e4lle\u00a0\u2013 Reskilling\" \/>\n<meta property=\"og:description\" content=\"Qualifizieren Sie Ihre Belegschaft mit Degreed f\u00fcr die Anforderungen der Zukunft. Erkennen, personalisieren und entwickeln Sie die Skills, die n\u00f6tig sind, um L\u00fccken zu schlie\u00dfen und sich auf Marktver\u00e4nderungen vorzubereiten.\" \/>\n<meta property=\"og:url\" content=\"https:\/\/degreed.com\/experience\/de\/use-cases-reskilling\/\" \/>\n<meta property=\"og:site_name\" content=\"Degreed\" \/>\n<meta property=\"article:publisher\" content=\"https:\/\/www.facebook.com\/DegreedOfficial\" \/>\n<meta property=\"article:modified_time\" content=\"2025-12-10T00:52:21+00:00\" \/>\n<meta property=\"og:image\" content=\"https:\/\/explore.degreed.com\/wp-content\/uploads\/2023\/09\/meta-image-degreed.jpg\" \/>\n\t<meta property=\"og:image:width\" content=\"1200\" \/>\n\t<meta property=\"og:image:height\" content=\"630\" \/>\n\t<meta property=\"og:image:type\" content=\"image\/jpeg\" \/>\n<meta name=\"twitter:card\" content=\"summary_large_image\" \/>\n<meta name=\"twitter:site\" content=\"@degreed\" \/>\n<script type=\"application\/ld+json\" class=\"yoast-schema-graph\">{\"@context\":\"https:\/\/schema.org\",\"@graph\":[{\"@type\":\"WebPage\",\"@id\":\"https:\/\/degreed.com\/experience\/de\/use-cases-reskilling\/\",\"url\":\"https:\/\/degreed.com\/experience\/de\/use-cases-reskilling\/\",\"name\":\"Anwendungsf\u00e4lle\u00a0\u2013 Reskilling - Degreed\",\"isPartOf\":{\"@id\":\"https:\/\/degreed.com\/experience\/de\/#website\"},\"datePublished\":\"2024-10-07T22:47:43+00:00\",\"dateModified\":\"2025-12-10T00:52:21+00:00\",\"description\":\"Qualifizieren Sie Ihre Belegschaft mit Degreed f\u00fcr die Anforderungen der Zukunft. Erkennen, personalisieren und entwickeln Sie die Skills, die n\u00f6tig sind, um L\u00fccken zu schlie\u00dfen und sich auf Marktver\u00e4nderungen vorzubereiten.\",\"breadcrumb\":{\"@id\":\"https:\/\/degreed.com\/experience\/de\/use-cases-reskilling\/#breadcrumb\"},\"inLanguage\":\"de-DE\",\"potentialAction\":[{\"@type\":\"ReadAction\",\"target\":[\"https:\/\/degreed.com\/experience\/de\/use-cases-reskilling\/\"]}]},{\"@type\":\"BreadcrumbList\",\"@id\":\"https:\/\/degreed.com\/experience\/de\/use-cases-reskilling\/#breadcrumb\",\"itemListElement\":[{\"@type\":\"ListItem\",\"position\":1,\"name\":\"Home\",\"item\":\"https:\/\/degreed.com\/experience\/de\/\"},{\"@type\":\"ListItem\",\"position\":2,\"name\":\"Anwendungsf\u00e4lle\u00a0\u2013 Reskilling\"}]},{\"@type\":\"WebSite\",\"@id\":\"https:\/\/degreed.com\/experience\/de\/#website\",\"url\":\"https:\/\/degreed.com\/experience\/de\/\",\"name\":\"Degreed\",\"description\":\"The Learning and Upskilling Platform\",\"publisher\":{\"@id\":\"https:\/\/degreed.com\/experience\/de\/#organization\"},\"potentialAction\":[{\"@type\":\"SearchAction\",\"target\":{\"@type\":\"EntryPoint\",\"urlTemplate\":\"https:\/\/degreed.com\/experience\/de\/?s={search_term_string}\"},\"query-input\":{\"@type\":\"PropertyValueSpecification\",\"valueRequired\":true,\"valueName\":\"search_term_string\"}}],\"inLanguage\":\"de-DE\"},{\"@type\":\"Organization\",\"@id\":\"https:\/\/degreed.com\/experience\/de\/#organization\",\"name\":\"Degreed\",\"url\":\"https:\/\/degreed.com\/experience\/de\/\",\"logo\":{\"@type\":\"ImageObject\",\"inLanguage\":\"de-DE\",\"@id\":\"https:\/\/degreed.com\/experience\/de\/#\/schema\/logo\/image\/\",\"url\":\"https:\/\/explore.degreed.com\/wp-content\/uploads\/2023\/05\/logo.svg\",\"contentUrl\":\"https:\/\/explore.degreed.com\/wp-content\/uploads\/2023\/05\/logo.svg\",\"caption\":\"Degreed\"},\"image\":{\"@id\":\"https:\/\/degreed.com\/experience\/de\/#\/schema\/logo\/image\/\"},\"sameAs\":[\"https:\/\/www.facebook.com\/DegreedOfficial\",\"https:\/\/x.com\/degreed\",\"https:\/\/www.linkedin.com\/company\/degreed\/\",\"https:\/\/www.youtube.com\/channel\/UCkH3pyPKVngvsZzZlmoH-Mw\",\"https:\/\/www.instagram.com\/degreed\/\"],\"numberOfEmployees\":{\"@type\":\"QuantitativeValue\",\"minValue\":\"201\",\"maxValue\":\"500\"}}]}<\/script>\n<!-- \/ Yoast SEO Premium plugin. -->","yoast_head_json":{"title":"Anwendungsf\u00e4lle\u00a0\u2013 Reskilling - Degreed","description":"Qualifizieren Sie Ihre Belegschaft mit Degreed f\u00fcr die Anforderungen der Zukunft. Erkennen, personalisieren und entwickeln Sie die Skills, die n\u00f6tig sind, um L\u00fccken zu schlie\u00dfen und sich auf Marktver\u00e4nderungen vorzubereiten.","robots":{"index":"index","follow":"follow","max-snippet":"max-snippet:-1","max-image-preview":"max-image-preview:large","max-video-preview":"max-video-preview:-1"},"canonical":"https:\/\/degreed.com\/experience\/de\/use-cases-reskilling\/","og_locale":"de_DE","og_type":"article","og_title":"Anwendungsf\u00e4lle\u00a0\u2013 Reskilling","og_description":"Qualifizieren Sie Ihre Belegschaft mit Degreed f\u00fcr die Anforderungen der Zukunft. Erkennen, personalisieren und entwickeln Sie die Skills, die n\u00f6tig sind, um L\u00fccken zu schlie\u00dfen und sich auf Marktver\u00e4nderungen vorzubereiten.","og_url":"https:\/\/degreed.com\/experience\/de\/use-cases-reskilling\/","og_site_name":"Degreed","article_publisher":"https:\/\/www.facebook.com\/DegreedOfficial","article_modified_time":"2025-12-10T00:52:21+00:00","og_image":[{"width":1200,"height":630,"url":"https:\/\/explore.degreed.com\/wp-content\/uploads\/2023\/09\/meta-image-degreed.jpg","type":"image\/jpeg"}],"twitter_card":"summary_large_image","twitter_site":"@degreed","schema":{"@context":"https:\/\/schema.org","@graph":[{"@type":"WebPage","@id":"https:\/\/degreed.com\/experience\/de\/use-cases-reskilling\/","url":"https:\/\/degreed.com\/experience\/de\/use-cases-reskilling\/","name":"Anwendungsf\u00e4lle\u00a0\u2013 Reskilling - Degreed","isPartOf":{"@id":"https:\/\/degreed.com\/experience\/de\/#website"},"datePublished":"2024-10-07T22:47:43+00:00","dateModified":"2025-12-10T00:52:21+00:00","description":"Qualifizieren Sie Ihre Belegschaft mit Degreed f\u00fcr die Anforderungen der Zukunft. Erkennen, personalisieren und entwickeln Sie die Skills, die n\u00f6tig sind, um L\u00fccken zu schlie\u00dfen und sich auf Marktver\u00e4nderungen vorzubereiten.","breadcrumb":{"@id":"https:\/\/degreed.com\/experience\/de\/use-cases-reskilling\/#breadcrumb"},"inLanguage":"de-DE","potentialAction":[{"@type":"ReadAction","target":["https:\/\/degreed.com\/experience\/de\/use-cases-reskilling\/"]}]},{"@type":"BreadcrumbList","@id":"https:\/\/degreed.com\/experience\/de\/use-cases-reskilling\/#breadcrumb","itemListElement":[{"@type":"ListItem","position":1,"name":"Home","item":"https:\/\/degreed.com\/experience\/de\/"},{"@type":"ListItem","position":2,"name":"Anwendungsf\u00e4lle\u00a0\u2013 Reskilling"}]},{"@type":"WebSite","@id":"https:\/\/degreed.com\/experience\/de\/#website","url":"https:\/\/degreed.com\/experience\/de\/","name":"Degreed","description":"The Learning and Upskilling Platform","publisher":{"@id":"https:\/\/degreed.com\/experience\/de\/#organization"},"potentialAction":[{"@type":"SearchAction","target":{"@type":"EntryPoint","urlTemplate":"https:\/\/degreed.com\/experience\/de\/?s={search_term_string}"},"query-input":{"@type":"PropertyValueSpecification","valueRequired":true,"valueName":"search_term_string"}}],"inLanguage":"de-DE"},{"@type":"Organization","@id":"https:\/\/degreed.com\/experience\/de\/#organization","name":"Degreed","url":"https:\/\/degreed.com\/experience\/de\/","logo":{"@type":"ImageObject","inLanguage":"de-DE","@id":"https:\/\/degreed.com\/experience\/de\/#\/schema\/logo\/image\/","url":"https:\/\/explore.degreed.com\/wp-content\/uploads\/2023\/05\/logo.svg","contentUrl":"https:\/\/explore.degreed.com\/wp-content\/uploads\/2023\/05\/logo.svg","caption":"Degreed"},"image":{"@id":"https:\/\/degreed.com\/experience\/de\/#\/schema\/logo\/image\/"},"sameAs":["https:\/\/www.facebook.com\/DegreedOfficial","https:\/\/x.com\/degreed","https:\/\/www.linkedin.com\/company\/degreed\/","https:\/\/www.youtube.com\/channel\/UCkH3pyPKVngvsZzZlmoH-Mw","https:\/\/www.instagram.com\/degreed\/"],"numberOfEmployees":{"@type":"QuantitativeValue","minValue":"201","maxValue":"500"}}]}},"publishpress_future_action":{"enabled":false,"date":"2026-04-11 11:13:00","action":"change-status","newStatus":"draft","terms":[],"taxonomy":"translation_priority","extraData":[]},"publishpress_future_workflow_manual_trigger":{"enabledWorkflows":[]},"_links":{"self":[{"href":"https:\/\/explore.degreed.com\/experience\/de\/wp-json\/wp\/v2\/pages\/86136","targetHints":{"allow":["GET"]}}],"collection":[{"href":"https:\/\/explore.degreed.com\/experience\/de\/wp-json\/wp\/v2\/pages"}],"about":[{"href":"https:\/\/explore.degreed.com\/experience\/de\/wp-json\/wp\/v2\/types\/page"}],"author":[{"embeddable":true,"href":"https:\/\/explore.degreed.com\/experience\/de\/wp-json\/wp\/v2\/users\/22"}],"replies":[{"embeddable":true,"href":"https:\/\/explore.degreed.com\/experience\/de\/wp-json\/wp\/v2\/comments?post=86136"}],"version-history":[{"count":0,"href":"https:\/\/explore.degreed.com\/experience\/de\/wp-json\/wp\/v2\/pages\/86136\/revisions"}],"wp:attachment":[{"href":"https:\/\/explore.degreed.com\/experience\/de\/wp-json\/wp\/v2\/media?parent=86136"}],"wp:term":[{"taxonomy":"folder","embeddable":true,"href":"https:\/\/explore.degreed.com\/experience\/de\/wp-json\/wp\/v2\/folder?post=86136"}],"curies":[{"name":"wp","href":"https:\/\/api.w.org\/{rel}","templated":true}]}}