{"id":18250,"date":"2023-07-03T15:35:48","date_gmt":"2023-07-03T15:35:48","guid":{"rendered":"https:\/\/explore.local\/error\/"},"modified":"2025-04-18T17:13:30","modified_gmt":"2025-04-18T17:13:30","slug":"error","status":"publish","type":"page","link":"https:\/\/degreed.com\/experience\/es-419\/error\/","title":{"rendered":"Error"},"content":{"rendered":"<p><img loading=\"lazy\" decoding=\"async\" width=\"800\" height=\"488\" src=\"https:\/\/explore.degreed.com\/wp-content\/uploads\/2023\/07\/404-image-1024x625.png\" alt=\"two cats playing in boxes\" \/>\t\t\t\t\t\t\t\t\t\t\t\t\t<\/p>\n<h1>\u00a1Uy! Algo ha salido mal.<\/h1>\n<p>Recientemente, implementamos muchos cambios en el sitio y muchas cosas cambiaron de lugar.  Intenta escribir la direcci\u00f3n de nuevo, inf\u00f3rmanos sobre el problema o ve a la p\u00e1gina de inicio.<\/p>\n<p>\t\t\t<a role=\"button\"><br \/>\n\t\t\t\t\t\t\t\t\tIr a p\u00e1gina de inicio<br \/>\n\t\t\t\t\t<\/a><br \/>\n\t\t\t<a role=\"button\"><br \/>\n\t\t\t\t\t\t\t\t\tInformar un problema<br \/>\n\t\t\t\t\t<\/a><br \/>\n\t\t\t\t\t\t\t\t\t\t\t\t\t<img loading=\"lazy\" decoding=\"async\" width=\"800\" height=\"488\" src=\"https:\/\/explore.degreed.com\/wp-content\/uploads\/2023\/07\/404-image-1024x625.png\" alt=\"two cats playing in boxes\" \/>\t\t\t\t\t\t\t\t\t\t\t\t\t<\/p>\n<h1>status code<\/h1>\n<h3>\u00a1Uy! Algo ha salido mal.<\/h3>\n<p>Recientemente, implementamos muchos cambios en el sitio y muchas cosas cambiaron de lugar.  Intenta escribir la direcci\u00f3n de nuevo, inf\u00f3rmanos sobre el problema o ve a la p\u00e1gina de inicio.<\/p>\n<p>\t\t\t<a href=\"\/\"><br \/>\n\t\t\t\t\t\t\t\t\tIr a p\u00e1gina de inicio<br \/>\n\t\t\t\t\t<\/a><br \/>\n\t\t\t<a href=\"https:\/\/degreed.com\/experience\/es-419\/contact-us\/\"><br \/>\n\t\t\t\t\t\t\t\t\tInformar un problema<br \/>\n\t\t\t\t\t<\/a><br \/>\n\t\t\t\t\t\t\t\t\t\t\t\t\t<img loading=\"lazy\" decoding=\"async\" width=\"1\" height=\"1\" src=\"https:\/\/explore.degreed.com\/wp-content\/uploads\/\/getADemo.svg\" alt=\"rubik\u2019s cube being solved\" \/>\t\t\t\t\t\t\t\t\t\t\t\t\t<\/p>\n<h1>Descubre una nueva forma mejor de aprender<\/h1>\n<p>\t\t\t<a role=\"button\"><br \/>\n\t\t\t\t\t\t\t\t\tSolicitar una demostraci\u00f3n<br \/>\n\t\t\t\t\t<\/a><\/p>\n","protected":false},"excerpt":{"rendered":"<p>\u00a1Uy! Algo ha salido mal. Recientemente, implementamos muchos cambios en el sitio y muchas cosas cambiaron de lugar. Intenta escribir la direcci\u00f3n de nuevo, inf\u00f3rmanos sobre el problema o ve a la p\u00e1gina de inicio. Ir a p\u00e1gina de inicio Informar un problema status code \u00a1Uy! Algo ha salido mal. Recientemente, implementamos muchos cambios en [&hellip;]<\/p>\n","protected":false},"author":21,"featured_media":31698,"parent":0,"menu_order":0,"comment_status":"closed","ping_status":"closed","template":"page_general.php","meta":{"_acf_changed":false,"inline_featured_image":false,"footnotes":""},"folder":[],"class_list":["post-18250","page","type-page","status-publish","has-post-thumbnail","hentry"],"acf":[],"yoast_head":"<!-- This site is optimized with the Yoast SEO Premium plugin v27.2 (Yoast SEO v27.3) - https:\/\/yoast.com\/product\/yoast-seo-premium-wordpress\/ -->\n<title>Error - Degreed<\/title>\n<meta name=\"description\" content=\"Degreed conecta el aprendizaje, el desarrollo del talento y las oportunidades de movilidad interna en un mismo lugar, para que puedas reinventarte de a una habilidad por vez.\" \/>\n<meta name=\"robots\" content=\"index, follow, max-snippet:-1, max-image-preview:large, max-video-preview:-1\" \/>\n<link rel=\"canonical\" href=\"https:\/\/degreed.com\/experience\/es-419\/error\/\" \/>\n<meta property=\"og:locale\" content=\"es_ES\" \/>\n<meta property=\"og:type\" content=\"article\" \/>\n<meta property=\"og:title\" content=\"Error\" \/>\n<meta property=\"og:description\" content=\"Degreed conecta el aprendizaje, el desarrollo del talento y las oportunidades de movilidad interna en un mismo lugar, para que puedas reinventarte de a una habilidad por vez.\" \/>\n<meta property=\"og:url\" content=\"https:\/\/degreed.com\/experience\/es-419\/error\/\" \/>\n<meta property=\"og:site_name\" content=\"Degreed\" \/>\n<meta property=\"article:publisher\" content=\"https:\/\/www.facebook.com\/DegreedOfficial\" \/>\n<meta property=\"article:modified_time\" content=\"2025-04-18T17:13:30+00:00\" \/>\n<meta property=\"og:image\" content=\"https:\/\/explore.degreed.com\/wp-content\/uploads\/2023\/09\/meta-image-degreed.jpg\" \/>\n\t<meta property=\"og:image:width\" content=\"1200\" \/>\n\t<meta property=\"og:image:height\" content=\"630\" \/>\n\t<meta property=\"og:image:type\" content=\"image\/jpeg\" \/>\n<meta name=\"twitter:card\" content=\"summary_large_image\" \/>\n<meta name=\"twitter:site\" content=\"@degreed\" \/>\n<meta name=\"twitter:label1\" content=\"Est. reading time\" \/>\n\t<meta name=\"twitter:data1\" content=\"1 minute\" \/>\n<script type=\"application\/ld+json\" class=\"yoast-schema-graph\">{\"@context\":\"https:\\\/\\\/schema.org\",\"@graph\":[{\"@type\":\"WebPage\",\"@id\":\"https:\\\/\\\/degreed.com\\\/experience\\\/es-419\\\/error\\\/\",\"url\":\"https:\\\/\\\/degreed.com\\\/experience\\\/es-419\\\/error\\\/\",\"name\":\"Error - Degreed\",\"isPartOf\":{\"@id\":\"https:\\\/\\\/degreed.com\\\/experience\\\/es-419\\\/#website\"},\"primaryImageOfPage\":{\"@id\":\"https:\\\/\\\/degreed.com\\\/experience\\\/es-419\\\/error\\\/#primaryimage\"},\"image\":{\"@id\":\"https:\\\/\\\/degreed.com\\\/experience\\\/es-419\\\/error\\\/#primaryimage\"},\"thumbnailUrl\":\"https:\\\/\\\/explore.degreed.com\\\/wp-content\\\/uploads\\\/2023\\\/09\\\/meta-image-degreed.jpg\",\"datePublished\":\"2023-07-03T15:35:48+00:00\",\"dateModified\":\"2025-04-18T17:13:30+00:00\",\"description\":\"Degreed conecta el aprendizaje, el desarrollo del talento y las oportunidades de movilidad interna en un mismo lugar, para que puedas reinventarte de a una habilidad por vez.\",\"breadcrumb\":{\"@id\":\"https:\\\/\\\/degreed.com\\\/experience\\\/es-419\\\/error\\\/#breadcrumb\"},\"inLanguage\":\"es-419\",\"potentialAction\":[{\"@type\":\"ReadAction\",\"target\":[\"https:\\\/\\\/degreed.com\\\/experience\\\/es-419\\\/error\\\/\"]}]},{\"@type\":\"ImageObject\",\"inLanguage\":\"es-419\",\"@id\":\"https:\\\/\\\/degreed.com\\\/experience\\\/es-419\\\/error\\\/#primaryimage\",\"url\":\"https:\\\/\\\/explore.degreed.com\\\/wp-content\\\/uploads\\\/2023\\\/09\\\/meta-image-degreed.jpg\",\"contentUrl\":\"https:\\\/\\\/explore.degreed.com\\\/wp-content\\\/uploads\\\/2023\\\/09\\\/meta-image-degreed.jpg\",\"width\":1200,\"height\":630,\"caption\":\"Image Degreed\"},{\"@type\":\"BreadcrumbList\",\"@id\":\"https:\\\/\\\/degreed.com\\\/experience\\\/es-419\\\/error\\\/#breadcrumb\",\"itemListElement\":[{\"@type\":\"ListItem\",\"position\":1,\"name\":\"Home\",\"item\":\"https:\\\/\\\/degreed.com\\\/experience\\\/es-419\\\/\"},{\"@type\":\"ListItem\",\"position\":2,\"name\":\"Error\"}]},{\"@type\":\"WebSite\",\"@id\":\"https:\\\/\\\/degreed.com\\\/experience\\\/es-419\\\/#website\",\"url\":\"https:\\\/\\\/degreed.com\\\/experience\\\/es-419\\\/\",\"name\":\"Degreed\",\"description\":\"The Learning and Upskilling Platform\",\"publisher\":{\"@id\":\"https:\\\/\\\/degreed.com\\\/experience\\\/es-419\\\/#organization\"},\"potentialAction\":[{\"@type\":\"SearchAction\",\"target\":{\"@type\":\"EntryPoint\",\"urlTemplate\":\"https:\\\/\\\/degreed.com\\\/experience\\\/es-419\\\/?s={search_term_string}\"},\"query-input\":{\"@type\":\"PropertyValueSpecification\",\"valueRequired\":true,\"valueName\":\"search_term_string\"}}],\"inLanguage\":\"es-419\"},{\"@type\":\"Organization\",\"@id\":\"https:\\\/\\\/degreed.com\\\/experience\\\/es-419\\\/#organization\",\"name\":\"Degreed\",\"url\":\"https:\\\/\\\/degreed.com\\\/experience\\\/es-419\\\/\",\"logo\":{\"@type\":\"ImageObject\",\"inLanguage\":\"es-419\",\"@id\":\"https:\\\/\\\/degreed.com\\\/experience\\\/es-419\\\/#\\\/schema\\\/logo\\\/image\\\/\",\"url\":\"https:\\\/\\\/explore.degreed.com\\\/wp-content\\\/uploads\\\/2023\\\/05\\\/logo.svg\",\"contentUrl\":\"https:\\\/\\\/explore.degreed.com\\\/wp-content\\\/uploads\\\/2023\\\/05\\\/logo.svg\",\"caption\":\"Degreed\"},\"image\":{\"@id\":\"https:\\\/\\\/degreed.com\\\/experience\\\/es-419\\\/#\\\/schema\\\/logo\\\/image\\\/\"},\"sameAs\":[\"https:\\\/\\\/www.facebook.com\\\/DegreedOfficial\",\"https:\\\/\\\/x.com\\\/degreed\",\"https:\\\/\\\/www.linkedin.com\\\/company\\\/degreed\\\/\",\"https:\\\/\\\/www.youtube.com\\\/channel\\\/UCkH3pyPKVngvsZzZlmoH-Mw\",\"https:\\\/\\\/www.instagram.com\\\/degreed\\\/\"],\"numberOfEmployees\":{\"@type\":\"QuantitativeValue\",\"minValue\":\"201\",\"maxValue\":\"500\"}}]}<\/script>\n<!-- \/ Yoast SEO Premium plugin. -->","yoast_head_json":{"title":"Error - Degreed","description":"Degreed conecta el aprendizaje, el desarrollo del talento y las oportunidades de movilidad interna en un mismo lugar, para que puedas reinventarte de a una habilidad por vez.","robots":{"index":"index","follow":"follow","max-snippet":"max-snippet:-1","max-image-preview":"max-image-preview:large","max-video-preview":"max-video-preview:-1"},"canonical":"https:\/\/degreed.com\/experience\/es-419\/error\/","og_locale":"es_ES","og_type":"article","og_title":"Error","og_description":"Degreed conecta el aprendizaje, el desarrollo del talento y las oportunidades de movilidad interna en un mismo lugar, para que puedas reinventarte de a una habilidad por vez.","og_url":"https:\/\/degreed.com\/experience\/es-419\/error\/","og_site_name":"Degreed","article_publisher":"https:\/\/www.facebook.com\/DegreedOfficial","article_modified_time":"2025-04-18T17:13:30+00:00","og_image":[{"width":1200,"height":630,"url":"https:\/\/explore.degreed.com\/wp-content\/uploads\/2023\/09\/meta-image-degreed.jpg","type":"image\/jpeg"}],"twitter_card":"summary_large_image","twitter_site":"@degreed","twitter_misc":{"Est. reading time":"1 minute"},"schema":{"@context":"https:\/\/schema.org","@graph":[{"@type":"WebPage","@id":"https:\/\/degreed.com\/experience\/es-419\/error\/","url":"https:\/\/degreed.com\/experience\/es-419\/error\/","name":"Error - Degreed","isPartOf":{"@id":"https:\/\/degreed.com\/experience\/es-419\/#website"},"primaryImageOfPage":{"@id":"https:\/\/degreed.com\/experience\/es-419\/error\/#primaryimage"},"image":{"@id":"https:\/\/degreed.com\/experience\/es-419\/error\/#primaryimage"},"thumbnailUrl":"https:\/\/explore.degreed.com\/wp-content\/uploads\/2023\/09\/meta-image-degreed.jpg","datePublished":"2023-07-03T15:35:48+00:00","dateModified":"2025-04-18T17:13:30+00:00","description":"Degreed conecta el aprendizaje, el desarrollo del talento y las oportunidades de movilidad interna en un mismo lugar, para que puedas reinventarte de a una habilidad por vez.","breadcrumb":{"@id":"https:\/\/degreed.com\/experience\/es-419\/error\/#breadcrumb"},"inLanguage":"es-419","potentialAction":[{"@type":"ReadAction","target":["https:\/\/degreed.com\/experience\/es-419\/error\/"]}]},{"@type":"ImageObject","inLanguage":"es-419","@id":"https:\/\/degreed.com\/experience\/es-419\/error\/#primaryimage","url":"https:\/\/explore.degreed.com\/wp-content\/uploads\/2023\/09\/meta-image-degreed.jpg","contentUrl":"https:\/\/explore.degreed.com\/wp-content\/uploads\/2023\/09\/meta-image-degreed.jpg","width":1200,"height":630,"caption":"Image Degreed"},{"@type":"BreadcrumbList","@id":"https:\/\/degreed.com\/experience\/es-419\/error\/#breadcrumb","itemListElement":[{"@type":"ListItem","position":1,"name":"Home","item":"https:\/\/degreed.com\/experience\/es-419\/"},{"@type":"ListItem","position":2,"name":"Error"}]},{"@type":"WebSite","@id":"https:\/\/degreed.com\/experience\/es-419\/#website","url":"https:\/\/degreed.com\/experience\/es-419\/","name":"Degreed","description":"The Learning and Upskilling Platform","publisher":{"@id":"https:\/\/degreed.com\/experience\/es-419\/#organization"},"potentialAction":[{"@type":"SearchAction","target":{"@type":"EntryPoint","urlTemplate":"https:\/\/degreed.com\/experience\/es-419\/?s={search_term_string}"},"query-input":{"@type":"PropertyValueSpecification","valueRequired":true,"valueName":"search_term_string"}}],"inLanguage":"es-419"},{"@type":"Organization","@id":"https:\/\/degreed.com\/experience\/es-419\/#organization","name":"Degreed","url":"https:\/\/degreed.com\/experience\/es-419\/","logo":{"@type":"ImageObject","inLanguage":"es-419","@id":"https:\/\/degreed.com\/experience\/es-419\/#\/schema\/logo\/image\/","url":"https:\/\/explore.degreed.com\/wp-content\/uploads\/2023\/05\/logo.svg","contentUrl":"https:\/\/explore.degreed.com\/wp-content\/uploads\/2023\/05\/logo.svg","caption":"Degreed"},"image":{"@id":"https:\/\/degreed.com\/experience\/es-419\/#\/schema\/logo\/image\/"},"sameAs":["https:\/\/www.facebook.com\/DegreedOfficial","https:\/\/x.com\/degreed","https:\/\/www.linkedin.com\/company\/degreed\/","https:\/\/www.youtube.com\/channel\/UCkH3pyPKVngvsZzZlmoH-Mw","https:\/\/www.instagram.com\/degreed\/"],"numberOfEmployees":{"@type":"QuantitativeValue","minValue":"201","maxValue":"500"}}]}},"publishpress_future_action":{"enabled":false,"date":"2026-04-23 23:05:22","action":"change-status","newStatus":"draft","terms":[],"taxonomy":"translation_priority","extraData":[]},"publishpress_future_workflow_manual_trigger":{"enabledWorkflows":[]},"_links":{"self":[{"href":"https:\/\/explore.degreed.com\/experience\/es-419\/wp-json\/wp\/v2\/pages\/18250","targetHints":{"allow":["GET"]}}],"collection":[{"href":"https:\/\/explore.degreed.com\/experience\/es-419\/wp-json\/wp\/v2\/pages"}],"about":[{"href":"https:\/\/explore.degreed.com\/experience\/es-419\/wp-json\/wp\/v2\/types\/page"}],"author":[{"embeddable":true,"href":"https:\/\/explore.degreed.com\/experience\/es-419\/wp-json\/wp\/v2\/users\/21"}],"replies":[{"embeddable":true,"href":"https:\/\/explore.degreed.com\/experience\/es-419\/wp-json\/wp\/v2\/comments?post=18250"}],"version-history":[{"count":0,"href":"https:\/\/explore.degreed.com\/experience\/es-419\/wp-json\/wp\/v2\/pages\/18250\/revisions"}],"wp:featuredmedia":[{"embeddable":true,"href":"https:\/\/explore.degreed.com\/experience\/es-419\/wp-json\/wp\/v2\/media\/31698"}],"wp:attachment":[{"href":"https:\/\/explore.degreed.com\/experience\/es-419\/wp-json\/wp\/v2\/media?parent=18250"}],"wp:term":[{"taxonomy":"folder","embeddable":true,"href":"https:\/\/explore.degreed.com\/experience\/es-419\/wp-json\/wp\/v2\/folder?post=18250"}],"curies":[{"name":"wp","href":"https:\/\/api.w.org\/{rel}","templated":true}]}}