{"id":18271,"date":"2023-07-03T15:35:48","date_gmt":"2023-07-03T15:35:48","guid":{"rendered":"https:\/\/explore.local\/erreur\/"},"modified":"2025-04-18T17:12:20","modified_gmt":"2025-04-18T17:12:20","slug":"error","status":"publish","type":"page","link":"https:\/\/degreed.com\/experience\/fr\/error\/","title":{"rendered":"Erreur"},"content":{"rendered":"<p><img loading=\"lazy\" decoding=\"async\" width=\"800\" height=\"488\" src=\"https:\/\/explore.degreed.com\/wp-content\/uploads\/2023\/07\/404-image-1024x625.png\" alt=\"two cats playing in boxes\" \/>\t\t\t\t\t\t\t\t\t\t\t\t\t<\/p>\n<h1>Oups&#8230; Une erreur s\u2019est produite.<\/h1>\n<p>Notre site a beaucoup \u00e9volu\u00e9 derni\u00e8rement et une partie de son contenu a \u00e9t\u00e9 r\u00e9organis\u00e9e. Essayez de saisir \u00e0 nouveau l\u2019adresse. Vous pouvez \u00e9galement signaler un probl\u00e8me ou vous rendre sur la page d\u2019accueil.<\/p>\n<p>\t\t\t<a role=\"button\"><br \/>\n\t\t\t\t\t\t\t\t\tAller \u00e0 la page d\u2019accueil<br \/>\n\t\t\t\t\t<\/a><br \/>\n\t\t\t<a role=\"button\"><br \/>\n\t\t\t\t\t\t\t\t\tSignaler un probl\u00e8me<br \/>\n\t\t\t\t\t<\/a><br \/>\n\t\t\t\t\t\t\t\t\t\t\t\t\t<img loading=\"lazy\" decoding=\"async\" width=\"800\" height=\"488\" src=\"https:\/\/explore.degreed.com\/wp-content\/uploads\/2023\/07\/404-image-1024x625.png\" alt=\"two cats playing in boxes\" \/>\t\t\t\t\t\t\t\t\t\t\t\t\t<\/p>\n<h1>status code<\/h1>\n<h3>Oups&#8230; Une erreur s\u2019est produite.<\/h3>\n<p>Notre site a beaucoup \u00e9volu\u00e9 derni\u00e8rement et une partie de son contenu a \u00e9t\u00e9 r\u00e9organis\u00e9e. Essayez de saisir \u00e0 nouveau l\u2019adresse. Vous pouvez \u00e9galement signaler un probl\u00e8me ou vous rendre sur la page d\u2019accueil.<\/p>\n<p>\t\t\t<a href=\"\/\"><br \/>\n\t\t\t\t\t\t\t\t\tAller \u00e0 la page d\u2019accueil<br \/>\n\t\t\t\t\t<\/a><br \/>\n\t\t\t<a href=\"https:\/\/degreed.com\/experience\/fr\/contact-us\/\"><br \/>\n\t\t\t\t\t\t\t\t\tSignaler un probl\u00e8me<br \/>\n\t\t\t\t\t<\/a><br \/>\n\t\t\t\t\t\t\t\t\t\t\t\t\t<img loading=\"lazy\" decoding=\"async\" width=\"1\" height=\"1\" src=\"https:\/\/explore.degreed.com\/wp-content\/uploads\/\/getADemo.svg\" alt=\"rubik\u2019s cube being solved\" \/>\t\t\t\t\t\t\t\t\t\t\t\t\t<\/p>\n<h1>D\u00e9couvrez une autre mani\u00e8re d\u2019apprendre<\/h1>\n<p>\t\t\t<a role=\"button\"><br \/>\n\t\t\t\t\t\t\t\t\tDemander une d\u00e9mo<br \/>\n\t\t\t\t\t<\/a><\/p>\n","protected":false},"excerpt":{"rendered":"<p>Oups&#8230; Une erreur s\u2019est produite. Notre site a beaucoup \u00e9volu\u00e9 derni\u00e8rement et une partie de son contenu a \u00e9t\u00e9 r\u00e9organis\u00e9e. Essayez de saisir \u00e0 nouveau l\u2019adresse. Vous pouvez \u00e9galement signaler un probl\u00e8me ou vous rendre sur la page d\u2019accueil. Aller \u00e0 la page d\u2019accueil Signaler un probl\u00e8me status code Oups&#8230; Une erreur s\u2019est produite. Notre [&hellip;]<\/p>\n","protected":false},"author":21,"featured_media":31682,"parent":0,"menu_order":0,"comment_status":"closed","ping_status":"closed","template":"page_general.php","meta":{"_acf_changed":false,"inline_featured_image":false,"footnotes":""},"folder":[],"class_list":["post-18271","page","type-page","status-publish","has-post-thumbnail","hentry"],"acf":[],"yoast_head":"<!-- This site is optimized with the Yoast SEO Premium plugin v27.2 (Yoast SEO v27.3) - https:\/\/yoast.com\/product\/yoast-seo-premium-wordpress\/ -->\n<title>Erreur - Degreed<\/title>\n<meta name=\"description\" content=\"Degreed regroupe en un seul et m\u00eame espace des opportunit\u00e9s de formation, de d\u00e9veloppement des talents et de mobilit\u00e9 interne, pour vous aider \u00e0 vous r\u00e9inventer, une comp\u00e9tence \u00e0 la fois.\" \/>\n<meta name=\"robots\" content=\"index, follow, max-snippet:-1, max-image-preview:large, max-video-preview:-1\" \/>\n<link rel=\"canonical\" href=\"https:\/\/degreed.com\/experience\/fr\/error\/\" \/>\n<meta property=\"og:locale\" content=\"fr_FR\" \/>\n<meta property=\"og:type\" content=\"article\" \/>\n<meta property=\"og:title\" content=\"Erreur\" \/>\n<meta property=\"og:description\" content=\"Degreed regroupe en un seul et m\u00eame espace des opportunit\u00e9s de formation, de d\u00e9veloppement des talents et de mobilit\u00e9 interne, pour vous aider \u00e0 vous r\u00e9inventer, une comp\u00e9tence \u00e0 la fois.\" \/>\n<meta property=\"og:url\" content=\"https:\/\/degreed.com\/experience\/fr\/error\/\" \/>\n<meta property=\"og:site_name\" content=\"Degreed\" \/>\n<meta property=\"article:publisher\" content=\"https:\/\/www.facebook.com\/DegreedOfficial\" \/>\n<meta property=\"article:modified_time\" content=\"2025-04-18T17:12:20+00:00\" \/>\n<meta property=\"og:image\" content=\"https:\/\/explore.degreed.com\/wp-content\/uploads\/2023\/09\/meta-image-degreed.jpg\" \/>\n\t<meta property=\"og:image:width\" content=\"1200\" \/>\n\t<meta property=\"og:image:height\" content=\"630\" \/>\n\t<meta property=\"og:image:type\" content=\"image\/jpeg\" \/>\n<meta name=\"twitter:card\" content=\"summary_large_image\" \/>\n<meta name=\"twitter:site\" content=\"@degreed\" \/>\n<meta name=\"twitter:label1\" content=\"Dur\u00e9e de lecture estim\u00e9e\" \/>\n\t<meta name=\"twitter:data1\" content=\"1 minute\" \/>\n<script type=\"application\/ld+json\" class=\"yoast-schema-graph\">{\"@context\":\"https:\\\/\\\/schema.org\",\"@graph\":[{\"@type\":\"WebPage\",\"@id\":\"https:\\\/\\\/degreed.com\\\/experience\\\/fr\\\/error\\\/\",\"url\":\"https:\\\/\\\/degreed.com\\\/experience\\\/fr\\\/error\\\/\",\"name\":\"Erreur - Degreed\",\"isPartOf\":{\"@id\":\"https:\\\/\\\/degreed.com\\\/experience\\\/#website\"},\"primaryImageOfPage\":{\"@id\":\"https:\\\/\\\/degreed.com\\\/experience\\\/fr\\\/error\\\/#primaryimage\"},\"image\":{\"@id\":\"https:\\\/\\\/degreed.com\\\/experience\\\/fr\\\/error\\\/#primaryimage\"},\"thumbnailUrl\":\"https:\\\/\\\/explore.degreed.com\\\/wp-content\\\/uploads\\\/2023\\\/09\\\/meta-image-degreed.jpg\",\"datePublished\":\"2023-07-03T15:35:48+00:00\",\"dateModified\":\"2025-04-18T17:12:20+00:00\",\"description\":\"Degreed regroupe en un seul et m\u00eame espace des opportunit\u00e9s de formation, de d\u00e9veloppement des talents et de mobilit\u00e9 interne, pour vous aider \u00e0 vous r\u00e9inventer, une comp\u00e9tence \u00e0 la fois.\",\"breadcrumb\":{\"@id\":\"https:\\\/\\\/degreed.com\\\/experience\\\/fr\\\/error\\\/#breadcrumb\"},\"inLanguage\":\"fr-FR\",\"potentialAction\":[{\"@type\":\"ReadAction\",\"target\":[\"https:\\\/\\\/degreed.com\\\/experience\\\/fr\\\/error\\\/\"]}]},{\"@type\":\"ImageObject\",\"inLanguage\":\"fr-FR\",\"@id\":\"https:\\\/\\\/degreed.com\\\/experience\\\/fr\\\/error\\\/#primaryimage\",\"url\":\"https:\\\/\\\/explore.degreed.com\\\/wp-content\\\/uploads\\\/2023\\\/09\\\/meta-image-degreed.jpg\",\"contentUrl\":\"https:\\\/\\\/explore.degreed.com\\\/wp-content\\\/uploads\\\/2023\\\/09\\\/meta-image-degreed.jpg\",\"width\":1200,\"height\":630,\"caption\":\"Image Degreed\"},{\"@type\":\"BreadcrumbList\",\"@id\":\"https:\\\/\\\/degreed.com\\\/experience\\\/fr\\\/error\\\/#breadcrumb\",\"itemListElement\":[{\"@type\":\"ListItem\",\"position\":1,\"name\":\"Home\",\"item\":\"https:\\\/\\\/degreed.com\\\/experience\\\/\"},{\"@type\":\"ListItem\",\"position\":2,\"name\":\"Erreur\"}]},{\"@type\":\"WebSite\",\"@id\":\"https:\\\/\\\/degreed.com\\\/experience\\\/#website\",\"url\":\"https:\\\/\\\/degreed.com\\\/experience\\\/\",\"name\":\"Degreed\",\"description\":\"The Learning and Upskilling Platform\",\"publisher\":{\"@id\":\"https:\\\/\\\/degreed.com\\\/experience\\\/#organization\"},\"potentialAction\":[{\"@type\":\"SearchAction\",\"target\":{\"@type\":\"EntryPoint\",\"urlTemplate\":\"https:\\\/\\\/degreed.com\\\/experience\\\/?s={search_term_string}\"},\"query-input\":{\"@type\":\"PropertyValueSpecification\",\"valueRequired\":true,\"valueName\":\"search_term_string\"}}],\"inLanguage\":\"fr-FR\"},{\"@type\":\"Organization\",\"@id\":\"https:\\\/\\\/degreed.com\\\/experience\\\/#organization\",\"name\":\"Degreed\",\"url\":\"https:\\\/\\\/degreed.com\\\/experience\\\/\",\"logo\":{\"@type\":\"ImageObject\",\"inLanguage\":\"fr-FR\",\"@id\":\"https:\\\/\\\/degreed.com\\\/experience\\\/#\\\/schema\\\/logo\\\/image\\\/\",\"url\":\"https:\\\/\\\/explore.degreed.com\\\/wp-content\\\/uploads\\\/2023\\\/05\\\/logo.svg\",\"contentUrl\":\"https:\\\/\\\/explore.degreed.com\\\/wp-content\\\/uploads\\\/2023\\\/05\\\/logo.svg\",\"caption\":\"Degreed\"},\"image\":{\"@id\":\"https:\\\/\\\/degreed.com\\\/experience\\\/#\\\/schema\\\/logo\\\/image\\\/\"},\"sameAs\":[\"https:\\\/\\\/www.facebook.com\\\/DegreedOfficial\",\"https:\\\/\\\/x.com\\\/degreed\",\"https:\\\/\\\/www.linkedin.com\\\/company\\\/degreed\\\/\",\"https:\\\/\\\/www.youtube.com\\\/channel\\\/UCkH3pyPKVngvsZzZlmoH-Mw\",\"https:\\\/\\\/www.instagram.com\\\/degreed\\\/\"],\"numberOfEmployees\":{\"@type\":\"QuantitativeValue\",\"minValue\":\"201\",\"maxValue\":\"500\"}}]}<\/script>\n<!-- \/ Yoast SEO Premium plugin. -->","yoast_head_json":{"title":"Erreur - Degreed","description":"Degreed regroupe en un seul et m\u00eame espace des opportunit\u00e9s de formation, de d\u00e9veloppement des talents et de mobilit\u00e9 interne, pour vous aider \u00e0 vous r\u00e9inventer, une comp\u00e9tence \u00e0 la fois.","robots":{"index":"index","follow":"follow","max-snippet":"max-snippet:-1","max-image-preview":"max-image-preview:large","max-video-preview":"max-video-preview:-1"},"canonical":"https:\/\/degreed.com\/experience\/fr\/error\/","og_locale":"fr_FR","og_type":"article","og_title":"Erreur","og_description":"Degreed regroupe en un seul et m\u00eame espace des opportunit\u00e9s de formation, de d\u00e9veloppement des talents et de mobilit\u00e9 interne, pour vous aider \u00e0 vous r\u00e9inventer, une comp\u00e9tence \u00e0 la fois.","og_url":"https:\/\/degreed.com\/experience\/fr\/error\/","og_site_name":"Degreed","article_publisher":"https:\/\/www.facebook.com\/DegreedOfficial","article_modified_time":"2025-04-18T17:12:20+00:00","og_image":[{"width":1200,"height":630,"url":"https:\/\/explore.degreed.com\/wp-content\/uploads\/2023\/09\/meta-image-degreed.jpg","type":"image\/jpeg"}],"twitter_card":"summary_large_image","twitter_site":"@degreed","twitter_misc":{"Dur\u00e9e de lecture estim\u00e9e":"1 minute"},"schema":{"@context":"https:\/\/schema.org","@graph":[{"@type":"WebPage","@id":"https:\/\/degreed.com\/experience\/fr\/error\/","url":"https:\/\/degreed.com\/experience\/fr\/error\/","name":"Erreur - Degreed","isPartOf":{"@id":"https:\/\/degreed.com\/experience\/#website"},"primaryImageOfPage":{"@id":"https:\/\/degreed.com\/experience\/fr\/error\/#primaryimage"},"image":{"@id":"https:\/\/degreed.com\/experience\/fr\/error\/#primaryimage"},"thumbnailUrl":"https:\/\/explore.degreed.com\/wp-content\/uploads\/2023\/09\/meta-image-degreed.jpg","datePublished":"2023-07-03T15:35:48+00:00","dateModified":"2025-04-18T17:12:20+00:00","description":"Degreed regroupe en un seul et m\u00eame espace des opportunit\u00e9s de formation, de d\u00e9veloppement des talents et de mobilit\u00e9 interne, pour vous aider \u00e0 vous r\u00e9inventer, une comp\u00e9tence \u00e0 la fois.","breadcrumb":{"@id":"https:\/\/degreed.com\/experience\/fr\/error\/#breadcrumb"},"inLanguage":"fr-FR","potentialAction":[{"@type":"ReadAction","target":["https:\/\/degreed.com\/experience\/fr\/error\/"]}]},{"@type":"ImageObject","inLanguage":"fr-FR","@id":"https:\/\/degreed.com\/experience\/fr\/error\/#primaryimage","url":"https:\/\/explore.degreed.com\/wp-content\/uploads\/2023\/09\/meta-image-degreed.jpg","contentUrl":"https:\/\/explore.degreed.com\/wp-content\/uploads\/2023\/09\/meta-image-degreed.jpg","width":1200,"height":630,"caption":"Image Degreed"},{"@type":"BreadcrumbList","@id":"https:\/\/degreed.com\/experience\/fr\/error\/#breadcrumb","itemListElement":[{"@type":"ListItem","position":1,"name":"Home","item":"https:\/\/degreed.com\/experience\/"},{"@type":"ListItem","position":2,"name":"Erreur"}]},{"@type":"WebSite","@id":"https:\/\/degreed.com\/experience\/#website","url":"https:\/\/degreed.com\/experience\/","name":"Degreed","description":"The Learning and Upskilling Platform","publisher":{"@id":"https:\/\/degreed.com\/experience\/#organization"},"potentialAction":[{"@type":"SearchAction","target":{"@type":"EntryPoint","urlTemplate":"https:\/\/degreed.com\/experience\/?s={search_term_string}"},"query-input":{"@type":"PropertyValueSpecification","valueRequired":true,"valueName":"search_term_string"}}],"inLanguage":"fr-FR"},{"@type":"Organization","@id":"https:\/\/degreed.com\/experience\/#organization","name":"Degreed","url":"https:\/\/degreed.com\/experience\/","logo":{"@type":"ImageObject","inLanguage":"fr-FR","@id":"https:\/\/degreed.com\/experience\/#\/schema\/logo\/image\/","url":"https:\/\/explore.degreed.com\/wp-content\/uploads\/2023\/05\/logo.svg","contentUrl":"https:\/\/explore.degreed.com\/wp-content\/uploads\/2023\/05\/logo.svg","caption":"Degreed"},"image":{"@id":"https:\/\/degreed.com\/experience\/#\/schema\/logo\/image\/"},"sameAs":["https:\/\/www.facebook.com\/DegreedOfficial","https:\/\/x.com\/degreed","https:\/\/www.linkedin.com\/company\/degreed\/","https:\/\/www.youtube.com\/channel\/UCkH3pyPKVngvsZzZlmoH-Mw","https:\/\/www.instagram.com\/degreed\/"],"numberOfEmployees":{"@type":"QuantitativeValue","minValue":"201","maxValue":"500"}}]}},"publishpress_future_action":{"enabled":false,"date":"2026-04-23 21:38:22","action":"change-status","newStatus":"draft","terms":[],"taxonomy":"translation_priority","extraData":[]},"publishpress_future_workflow_manual_trigger":{"enabledWorkflows":[]},"_links":{"self":[{"href":"https:\/\/explore.degreed.com\/experience\/fr\/wp-json\/wp\/v2\/pages\/18271","targetHints":{"allow":["GET"]}}],"collection":[{"href":"https:\/\/explore.degreed.com\/experience\/fr\/wp-json\/wp\/v2\/pages"}],"about":[{"href":"https:\/\/explore.degreed.com\/experience\/fr\/wp-json\/wp\/v2\/types\/page"}],"author":[{"embeddable":true,"href":"https:\/\/explore.degreed.com\/experience\/fr\/wp-json\/wp\/v2\/users\/21"}],"replies":[{"embeddable":true,"href":"https:\/\/explore.degreed.com\/experience\/fr\/wp-json\/wp\/v2\/comments?post=18271"}],"version-history":[{"count":0,"href":"https:\/\/explore.degreed.com\/experience\/fr\/wp-json\/wp\/v2\/pages\/18271\/revisions"}],"wp:featuredmedia":[{"embeddable":true,"href":"https:\/\/explore.degreed.com\/experience\/fr\/wp-json\/wp\/v2\/media\/31682"}],"wp:attachment":[{"href":"https:\/\/explore.degreed.com\/experience\/fr\/wp-json\/wp\/v2\/media?parent=18271"}],"wp:term":[{"taxonomy":"folder","embeddable":true,"href":"https:\/\/explore.degreed.com\/experience\/fr\/wp-json\/wp\/v2\/folder?post=18271"}],"curies":[{"name":"wp","href":"https:\/\/api.w.org\/{rel}","templated":true}]}}