{"id":22663,"date":"2023-07-06T19:32:43","date_gmt":"2023-07-06T19:32:43","guid":{"rendered":"https:\/\/explore.local\/informations-generales-sur-degreed\/"},"modified":"2025-07-29T14:27:53","modified_gmt":"2025-07-29T14:27:53","slug":"about","status":"publish","type":"page","link":"https:\/\/degreed.com\/experience\/fr\/about\/","title":{"rendered":"\u00c0 propos"},"content":{"rendered":"","protected":false},"excerpt":{"rendered":"","protected":false},"author":21,"featured_media":31682,"parent":0,"menu_order":0,"comment_status":"closed","ping_status":"closed","template":"page_general.php","meta":{"_acf_changed":false,"inline_featured_image":false,"footnotes":""},"folder":[],"class_list":["post-22663","page","type-page","status-publish","has-post-thumbnail","hentry"],"acf":[],"yoast_head":"<!-- This site is optimized with the Yoast SEO Premium plugin v27.2 (Yoast SEO v27.2) - https:\/\/yoast.com\/product\/yoast-seo-premium-wordpress\/ -->\n<title>\u00c0 propos - Degreed<\/title>\n<meta name=\"description\" content=\"Degreed vous aide \u00e0 innover pour changer le monde en attirant, en d\u00e9veloppant et en fid\u00e9lisant les \u00e9quipes d\u2019aujourd\u2019hui et de demain gr\u00e2ce \u00e0 une culture dynamique de la formation. En savoir plus sur Degreed.\" \/>\n<meta name=\"robots\" content=\"index, follow, max-snippet:-1, max-image-preview:large, max-video-preview:-1\" \/>\n<link rel=\"canonical\" href=\"https:\/\/degreed.com\/experience\/fr\/about\/\" \/>\n<meta property=\"og:locale\" content=\"fr_FR\" \/>\n<meta property=\"og:type\" content=\"article\" \/>\n<meta property=\"og:title\" content=\"\u00c0 propos\" \/>\n<meta property=\"og:description\" content=\"Degreed vous aide \u00e0 innover pour changer le monde en attirant, en d\u00e9veloppant et en fid\u00e9lisant les \u00e9quipes d\u2019aujourd\u2019hui et de demain gr\u00e2ce \u00e0 une culture dynamique de la formation. En savoir plus sur Degreed.\" \/>\n<meta property=\"og:url\" content=\"https:\/\/degreed.com\/experience\/fr\/about\/\" \/>\n<meta property=\"og:site_name\" content=\"Degreed\" \/>\n<meta property=\"article:publisher\" content=\"https:\/\/www.facebook.com\/DegreedOfficial\" \/>\n<meta property=\"article:modified_time\" content=\"2025-07-29T14:27:53+00:00\" \/>\n<meta property=\"og:image\" content=\"https:\/\/explore.degreed.com\/wp-content\/uploads\/2023\/09\/meta-image-degreed.jpg\" \/>\n\t<meta property=\"og:image:width\" content=\"1200\" \/>\n\t<meta property=\"og:image:height\" content=\"630\" \/>\n\t<meta property=\"og:image:type\" content=\"image\/jpeg\" \/>\n<meta name=\"twitter:card\" content=\"summary_large_image\" \/>\n<meta name=\"twitter:site\" content=\"@degreed\" \/>\n<meta name=\"twitter:label1\" content=\"Dur\u00e9e de lecture estim\u00e9e\" \/>\n\t<meta name=\"twitter:data1\" content=\"1 minute\" \/>\n<script type=\"application\/ld+json\" class=\"yoast-schema-graph\">{\"@context\":\"https:\/\/schema.org\",\"@graph\":[{\"@type\":\"WebPage\",\"@id\":\"https:\/\/degreed.com\/experience\/fr\/about\/\",\"url\":\"https:\/\/degreed.com\/experience\/fr\/about\/\",\"name\":\"\u00c0 propos - Degreed\",\"isPartOf\":{\"@id\":\"https:\/\/degreed.com\/experience\/fr\/#website\"},\"primaryImageOfPage\":{\"@id\":\"https:\/\/degreed.com\/experience\/fr\/about\/#primaryimage\"},\"image\":{\"@id\":\"https:\/\/degreed.com\/experience\/fr\/about\/#primaryimage\"},\"thumbnailUrl\":\"https:\/\/explore.degreed.com\/wp-content\/uploads\/2023\/09\/meta-image-degreed.jpg\",\"datePublished\":\"2023-07-06T19:32:43+00:00\",\"dateModified\":\"2025-07-29T14:27:53+00:00\",\"description\":\"Degreed vous aide \u00e0 innover pour changer le monde en attirant, en d\u00e9veloppant et en fid\u00e9lisant les \u00e9quipes d\u2019aujourd\u2019hui et de demain gr\u00e2ce \u00e0 une culture dynamique de la formation. En savoir plus sur Degreed.\",\"breadcrumb\":{\"@id\":\"https:\/\/degreed.com\/experience\/fr\/about\/#breadcrumb\"},\"inLanguage\":\"fr-FR\",\"potentialAction\":[{\"@type\":\"ReadAction\",\"target\":[\"https:\/\/degreed.com\/experience\/fr\/about\/\"]}]},{\"@type\":\"ImageObject\",\"inLanguage\":\"fr-FR\",\"@id\":\"https:\/\/degreed.com\/experience\/fr\/about\/#primaryimage\",\"url\":\"https:\/\/explore.degreed.com\/wp-content\/uploads\/2023\/09\/meta-image-degreed.jpg\",\"contentUrl\":\"https:\/\/explore.degreed.com\/wp-content\/uploads\/2023\/09\/meta-image-degreed.jpg\",\"width\":1200,\"height\":630,\"caption\":\"Image Degreed\"},{\"@type\":\"BreadcrumbList\",\"@id\":\"https:\/\/degreed.com\/experience\/fr\/about\/#breadcrumb\",\"itemListElement\":[{\"@type\":\"ListItem\",\"position\":1,\"name\":\"Home\",\"item\":\"https:\/\/degreed.com\/experience\/fr\/\"},{\"@type\":\"ListItem\",\"position\":2,\"name\":\"\u00c0 propos\"}]},{\"@type\":\"WebSite\",\"@id\":\"https:\/\/degreed.com\/experience\/fr\/#website\",\"url\":\"https:\/\/degreed.com\/experience\/fr\/\",\"name\":\"Degreed\",\"description\":\"The Learning and Upskilling Platform\",\"publisher\":{\"@id\":\"https:\/\/degreed.com\/experience\/fr\/#organization\"},\"potentialAction\":[{\"@type\":\"SearchAction\",\"target\":{\"@type\":\"EntryPoint\",\"urlTemplate\":\"https:\/\/degreed.com\/experience\/fr\/?s={search_term_string}\"},\"query-input\":{\"@type\":\"PropertyValueSpecification\",\"valueRequired\":true,\"valueName\":\"search_term_string\"}}],\"inLanguage\":\"fr-FR\"},{\"@type\":\"Organization\",\"@id\":\"https:\/\/degreed.com\/experience\/fr\/#organization\",\"name\":\"Degreed\",\"url\":\"https:\/\/degreed.com\/experience\/fr\/\",\"logo\":{\"@type\":\"ImageObject\",\"inLanguage\":\"fr-FR\",\"@id\":\"https:\/\/degreed.com\/experience\/fr\/#\/schema\/logo\/image\/\",\"url\":\"https:\/\/explore.degreed.com\/wp-content\/uploads\/2023\/05\/logo.svg\",\"contentUrl\":\"https:\/\/explore.degreed.com\/wp-content\/uploads\/2023\/05\/logo.svg\",\"caption\":\"Degreed\"},\"image\":{\"@id\":\"https:\/\/degreed.com\/experience\/fr\/#\/schema\/logo\/image\/\"},\"sameAs\":[\"https:\/\/www.facebook.com\/DegreedOfficial\",\"https:\/\/x.com\/degreed\",\"https:\/\/www.linkedin.com\/company\/degreed\/\",\"https:\/\/www.youtube.com\/channel\/UCkH3pyPKVngvsZzZlmoH-Mw\",\"https:\/\/www.instagram.com\/degreed\/\"],\"numberOfEmployees\":{\"@type\":\"QuantitativeValue\",\"minValue\":\"201\",\"maxValue\":\"500\"}}]}<\/script>\n<!-- \/ Yoast SEO Premium plugin. -->","yoast_head_json":{"title":"\u00c0 propos - Degreed","description":"Degreed vous aide \u00e0 innover pour changer le monde en attirant, en d\u00e9veloppant et en fid\u00e9lisant les \u00e9quipes d\u2019aujourd\u2019hui et de demain gr\u00e2ce \u00e0 une culture dynamique de la formation. En savoir plus sur Degreed.","robots":{"index":"index","follow":"follow","max-snippet":"max-snippet:-1","max-image-preview":"max-image-preview:large","max-video-preview":"max-video-preview:-1"},"canonical":"https:\/\/degreed.com\/experience\/fr\/about\/","og_locale":"fr_FR","og_type":"article","og_title":"\u00c0 propos","og_description":"Degreed vous aide \u00e0 innover pour changer le monde en attirant, en d\u00e9veloppant et en fid\u00e9lisant les \u00e9quipes d\u2019aujourd\u2019hui et de demain gr\u00e2ce \u00e0 une culture dynamique de la formation. En savoir plus sur Degreed.","og_url":"https:\/\/degreed.com\/experience\/fr\/about\/","og_site_name":"Degreed","article_publisher":"https:\/\/www.facebook.com\/DegreedOfficial","article_modified_time":"2025-07-29T14:27:53+00:00","og_image":[{"width":1200,"height":630,"url":"https:\/\/explore.degreed.com\/wp-content\/uploads\/2023\/09\/meta-image-degreed.jpg","type":"image\/jpeg"}],"twitter_card":"summary_large_image","twitter_site":"@degreed","twitter_misc":{"Dur\u00e9e de lecture estim\u00e9e":"1 minute"},"schema":{"@context":"https:\/\/schema.org","@graph":[{"@type":"WebPage","@id":"https:\/\/degreed.com\/experience\/fr\/about\/","url":"https:\/\/degreed.com\/experience\/fr\/about\/","name":"\u00c0 propos - Degreed","isPartOf":{"@id":"https:\/\/degreed.com\/experience\/fr\/#website"},"primaryImageOfPage":{"@id":"https:\/\/degreed.com\/experience\/fr\/about\/#primaryimage"},"image":{"@id":"https:\/\/degreed.com\/experience\/fr\/about\/#primaryimage"},"thumbnailUrl":"https:\/\/explore.degreed.com\/wp-content\/uploads\/2023\/09\/meta-image-degreed.jpg","datePublished":"2023-07-06T19:32:43+00:00","dateModified":"2025-07-29T14:27:53+00:00","description":"Degreed vous aide \u00e0 innover pour changer le monde en attirant, en d\u00e9veloppant et en fid\u00e9lisant les \u00e9quipes d\u2019aujourd\u2019hui et de demain gr\u00e2ce \u00e0 une culture dynamique de la formation. En savoir plus sur Degreed.","breadcrumb":{"@id":"https:\/\/degreed.com\/experience\/fr\/about\/#breadcrumb"},"inLanguage":"fr-FR","potentialAction":[{"@type":"ReadAction","target":["https:\/\/degreed.com\/experience\/fr\/about\/"]}]},{"@type":"ImageObject","inLanguage":"fr-FR","@id":"https:\/\/degreed.com\/experience\/fr\/about\/#primaryimage","url":"https:\/\/explore.degreed.com\/wp-content\/uploads\/2023\/09\/meta-image-degreed.jpg","contentUrl":"https:\/\/explore.degreed.com\/wp-content\/uploads\/2023\/09\/meta-image-degreed.jpg","width":1200,"height":630,"caption":"Image Degreed"},{"@type":"BreadcrumbList","@id":"https:\/\/degreed.com\/experience\/fr\/about\/#breadcrumb","itemListElement":[{"@type":"ListItem","position":1,"name":"Home","item":"https:\/\/degreed.com\/experience\/fr\/"},{"@type":"ListItem","position":2,"name":"\u00c0 propos"}]},{"@type":"WebSite","@id":"https:\/\/degreed.com\/experience\/fr\/#website","url":"https:\/\/degreed.com\/experience\/fr\/","name":"Degreed","description":"The Learning and Upskilling Platform","publisher":{"@id":"https:\/\/degreed.com\/experience\/fr\/#organization"},"potentialAction":[{"@type":"SearchAction","target":{"@type":"EntryPoint","urlTemplate":"https:\/\/degreed.com\/experience\/fr\/?s={search_term_string}"},"query-input":{"@type":"PropertyValueSpecification","valueRequired":true,"valueName":"search_term_string"}}],"inLanguage":"fr-FR"},{"@type":"Organization","@id":"https:\/\/degreed.com\/experience\/fr\/#organization","name":"Degreed","url":"https:\/\/degreed.com\/experience\/fr\/","logo":{"@type":"ImageObject","inLanguage":"fr-FR","@id":"https:\/\/degreed.com\/experience\/fr\/#\/schema\/logo\/image\/","url":"https:\/\/explore.degreed.com\/wp-content\/uploads\/2023\/05\/logo.svg","contentUrl":"https:\/\/explore.degreed.com\/wp-content\/uploads\/2023\/05\/logo.svg","caption":"Degreed"},"image":{"@id":"https:\/\/degreed.com\/experience\/fr\/#\/schema\/logo\/image\/"},"sameAs":["https:\/\/www.facebook.com\/DegreedOfficial","https:\/\/x.com\/degreed","https:\/\/www.linkedin.com\/company\/degreed\/","https:\/\/www.youtube.com\/channel\/UCkH3pyPKVngvsZzZlmoH-Mw","https:\/\/www.instagram.com\/degreed\/"],"numberOfEmployees":{"@type":"QuantitativeValue","minValue":"201","maxValue":"500"}}]}},"publishpress_future_action":{"enabled":false,"date":"2026-04-12 20:00:32","action":"change-status","newStatus":"draft","terms":[],"taxonomy":"translation_priority","extraData":[]},"publishpress_future_workflow_manual_trigger":{"enabledWorkflows":[]},"_links":{"self":[{"href":"https:\/\/explore.degreed.com\/experience\/fr\/wp-json\/wp\/v2\/pages\/22663","targetHints":{"allow":["GET"]}}],"collection":[{"href":"https:\/\/explore.degreed.com\/experience\/fr\/wp-json\/wp\/v2\/pages"}],"about":[{"href":"https:\/\/explore.degreed.com\/experience\/fr\/wp-json\/wp\/v2\/types\/page"}],"author":[{"embeddable":true,"href":"https:\/\/explore.degreed.com\/experience\/fr\/wp-json\/wp\/v2\/users\/21"}],"replies":[{"embeddable":true,"href":"https:\/\/explore.degreed.com\/experience\/fr\/wp-json\/wp\/v2\/comments?post=22663"}],"version-history":[{"count":0,"href":"https:\/\/explore.degreed.com\/experience\/fr\/wp-json\/wp\/v2\/pages\/22663\/revisions"}],"wp:featuredmedia":[{"embeddable":true,"href":"https:\/\/explore.degreed.com\/experience\/fr\/wp-json\/wp\/v2\/media\/31682"}],"wp:attachment":[{"href":"https:\/\/explore.degreed.com\/experience\/fr\/wp-json\/wp\/v2\/media?parent=22663"}],"wp:term":[{"taxonomy":"folder","embeddable":true,"href":"https:\/\/explore.degreed.com\/experience\/fr\/wp-json\/wp\/v2\/folder?post=22663"}],"curies":[{"name":"wp","href":"https:\/\/api.w.org\/{rel}","templated":true}]}}