{"id":32959,"date":"2023-07-24T21:47:39","date_gmt":"2023-07-24T21:47:39","guid":{"rendered":"https:\/\/explore.local\/demander-une-demo-de-learning-experience-demo-lxp-degreed\/"},"modified":"2025-09-09T14:51:41","modified_gmt":"2025-09-09T14:51:41","slug":"request-demo","status":"publish","type":"page","link":"https:\/\/degreed.com\/experience\/fr\/request-demo\/","title":{"rendered":"Demander une d\u00e9mo de Learning Experience | D\u00e9mo LXP | Degreed"},"content":{"rendered":"","protected":false},"excerpt":{"rendered":"","protected":false},"author":21,"featured_media":31682,"parent":0,"menu_order":0,"comment_status":"closed","ping_status":"closed","template":"page_request-demo-template.php","meta":{"_acf_changed":false,"inline_featured_image":false,"footnotes":""},"folder":[],"class_list":["post-32959","page","type-page","status-publish","has-post-thumbnail","hentry"],"acf":[],"yoast_head":"<!-- This site is optimized with the Yoast SEO Premium plugin v27.2 (Yoast SEO v27.3) - https:\/\/yoast.com\/product\/yoast-seo-premium-wordpress\/ -->\n<title>Demander une d\u00e9mo de Learning Experience | D\u00e9mo LXP | Degreed - Degreed<\/title>\n<meta name=\"description\" content=\"Demandez une d\u00e9mo Degreed pour d\u00e9couvrir nos solutions Learning Experience, Experiential Learning, Degreed Intelligence et Degreed Extended Enterprise.\" \/>\n<meta name=\"robots\" content=\"index, follow, max-snippet:-1, max-image-preview:large, max-video-preview:-1\" \/>\n<link rel=\"canonical\" href=\"https:\/\/degreed.com\/experience\/fr\/request-demo\/\" \/>\n<meta property=\"og:locale\" content=\"fr_FR\" \/>\n<meta property=\"og:type\" content=\"article\" \/>\n<meta property=\"og:title\" content=\"Demander une d\u00e9mo de Learning Experience | D\u00e9mo LXP | Degreed\" \/>\n<meta property=\"og:description\" content=\"Demandez une d\u00e9mo Degreed pour d\u00e9couvrir nos solutions Learning Experience, Experiential Learning, Degreed Intelligence et Degreed Extended Enterprise.\" \/>\n<meta property=\"og:url\" content=\"https:\/\/degreed.com\/experience\/fr\/request-demo\/\" \/>\n<meta property=\"og:site_name\" content=\"Degreed\" \/>\n<meta property=\"article:publisher\" content=\"https:\/\/www.facebook.com\/DegreedOfficial\" \/>\n<meta property=\"article:modified_time\" content=\"2025-09-09T14:51:41+00:00\" \/>\n<meta property=\"og:image\" content=\"https:\/\/explore.degreed.com\/wp-content\/uploads\/2023\/09\/meta-image-degreed-1024x538.jpg\" \/>\n<meta name=\"twitter:card\" content=\"summary_large_image\" \/>\n<meta name=\"twitter:site\" content=\"@degreed\" \/>\n<meta name=\"twitter:label1\" content=\"Dur\u00e9e de lecture estim\u00e9e\" \/>\n\t<meta name=\"twitter:data1\" content=\"1 minute\" \/>\n<script type=\"application\/ld+json\" class=\"yoast-schema-graph\">{\"@context\":\"https:\\\/\\\/schema.org\",\"@graph\":[{\"@type\":\"WebPage\",\"@id\":\"https:\\\/\\\/degreed.com\\\/experience\\\/fr\\\/request-demo\\\/\",\"url\":\"https:\\\/\\\/degreed.com\\\/experience\\\/fr\\\/request-demo\\\/\",\"name\":\"Demander une d\u00e9mo de Learning Experience | D\u00e9mo LXP | Degreed - Degreed\",\"isPartOf\":{\"@id\":\"https:\\\/\\\/degreed.com\\\/experience\\\/fr\\\/#website\"},\"primaryImageOfPage\":{\"@id\":\"https:\\\/\\\/degreed.com\\\/experience\\\/fr\\\/request-demo\\\/#primaryimage\"},\"image\":{\"@id\":\"https:\\\/\\\/degreed.com\\\/experience\\\/fr\\\/request-demo\\\/#primaryimage\"},\"thumbnailUrl\":\"https:\\\/\\\/explore.degreed.com\\\/wp-content\\\/uploads\\\/2023\\\/09\\\/meta-image-degreed.jpg\",\"datePublished\":\"2023-07-24T21:47:39+00:00\",\"dateModified\":\"2025-09-09T14:51:41+00:00\",\"description\":\"Demandez une d\u00e9mo Degreed pour d\u00e9couvrir nos solutions Learning Experience, Experiential Learning, Degreed Intelligence et Degreed Extended Enterprise.\",\"breadcrumb\":{\"@id\":\"https:\\\/\\\/degreed.com\\\/experience\\\/fr\\\/request-demo\\\/#breadcrumb\"},\"inLanguage\":\"fr-FR\",\"potentialAction\":[{\"@type\":\"ReadAction\",\"target\":[\"https:\\\/\\\/degreed.com\\\/experience\\\/fr\\\/request-demo\\\/\"]}]},{\"@type\":\"ImageObject\",\"inLanguage\":\"fr-FR\",\"@id\":\"https:\\\/\\\/degreed.com\\\/experience\\\/fr\\\/request-demo\\\/#primaryimage\",\"url\":\"https:\\\/\\\/explore.degreed.com\\\/wp-content\\\/uploads\\\/2023\\\/09\\\/meta-image-degreed.jpg\",\"contentUrl\":\"https:\\\/\\\/explore.degreed.com\\\/wp-content\\\/uploads\\\/2023\\\/09\\\/meta-image-degreed.jpg\",\"width\":1200,\"height\":630,\"caption\":\"Image Degreed\"},{\"@type\":\"BreadcrumbList\",\"@id\":\"https:\\\/\\\/degreed.com\\\/experience\\\/fr\\\/request-demo\\\/#breadcrumb\",\"itemListElement\":[{\"@type\":\"ListItem\",\"position\":1,\"name\":\"Home\",\"item\":\"https:\\\/\\\/degreed.com\\\/experience\\\/fr\\\/\"},{\"@type\":\"ListItem\",\"position\":2,\"name\":\"Demander une d\u00e9mo de Learning Experience | D\u00e9mo LXP | Degreed\"}]},{\"@type\":\"WebSite\",\"@id\":\"https:\\\/\\\/degreed.com\\\/experience\\\/fr\\\/#website\",\"url\":\"https:\\\/\\\/degreed.com\\\/experience\\\/fr\\\/\",\"name\":\"Degreed\",\"description\":\"The Learning and Upskilling Platform\",\"publisher\":{\"@id\":\"https:\\\/\\\/degreed.com\\\/experience\\\/fr\\\/#organization\"},\"potentialAction\":[{\"@type\":\"SearchAction\",\"target\":{\"@type\":\"EntryPoint\",\"urlTemplate\":\"https:\\\/\\\/degreed.com\\\/experience\\\/fr\\\/?s={search_term_string}\"},\"query-input\":{\"@type\":\"PropertyValueSpecification\",\"valueRequired\":true,\"valueName\":\"search_term_string\"}}],\"inLanguage\":\"fr-FR\"},{\"@type\":\"Organization\",\"@id\":\"https:\\\/\\\/degreed.com\\\/experience\\\/fr\\\/#organization\",\"name\":\"Degreed\",\"url\":\"https:\\\/\\\/degreed.com\\\/experience\\\/fr\\\/\",\"logo\":{\"@type\":\"ImageObject\",\"inLanguage\":\"fr-FR\",\"@id\":\"https:\\\/\\\/degreed.com\\\/experience\\\/fr\\\/#\\\/schema\\\/logo\\\/image\\\/\",\"url\":\"https:\\\/\\\/explore.degreed.com\\\/wp-content\\\/uploads\\\/2023\\\/05\\\/logo.svg\",\"contentUrl\":\"https:\\\/\\\/explore.degreed.com\\\/wp-content\\\/uploads\\\/2023\\\/05\\\/logo.svg\",\"caption\":\"Degreed\"},\"image\":{\"@id\":\"https:\\\/\\\/degreed.com\\\/experience\\\/fr\\\/#\\\/schema\\\/logo\\\/image\\\/\"},\"sameAs\":[\"https:\\\/\\\/www.facebook.com\\\/DegreedOfficial\",\"https:\\\/\\\/x.com\\\/degreed\",\"https:\\\/\\\/www.linkedin.com\\\/company\\\/degreed\\\/\",\"https:\\\/\\\/www.youtube.com\\\/channel\\\/UCkH3pyPKVngvsZzZlmoH-Mw\",\"https:\\\/\\\/www.instagram.com\\\/degreed\\\/\"],\"numberOfEmployees\":{\"@type\":\"QuantitativeValue\",\"minValue\":\"201\",\"maxValue\":\"500\"}}]}<\/script>\n<!-- \/ Yoast SEO Premium plugin. -->","yoast_head_json":{"title":"Demander une d\u00e9mo de Learning Experience | D\u00e9mo LXP | Degreed - Degreed","description":"Demandez une d\u00e9mo Degreed pour d\u00e9couvrir nos solutions Learning Experience, Experiential Learning, Degreed Intelligence et Degreed Extended Enterprise.","robots":{"index":"index","follow":"follow","max-snippet":"max-snippet:-1","max-image-preview":"max-image-preview:large","max-video-preview":"max-video-preview:-1"},"canonical":"https:\/\/degreed.com\/experience\/fr\/request-demo\/","og_locale":"fr_FR","og_type":"article","og_title":"Demander une d\u00e9mo de Learning Experience | D\u00e9mo LXP | Degreed","og_description":"Demandez une d\u00e9mo Degreed pour d\u00e9couvrir nos solutions Learning Experience, Experiential Learning, Degreed Intelligence et Degreed Extended Enterprise.","og_url":"https:\/\/degreed.com\/experience\/fr\/request-demo\/","og_site_name":"Degreed","article_publisher":"https:\/\/www.facebook.com\/DegreedOfficial","article_modified_time":"2025-09-09T14:51:41+00:00","og_image":[{"url":"https:\/\/explore.degreed.com\/wp-content\/uploads\/2023\/09\/meta-image-degreed-1024x538.jpg","type":"","width":"","height":""}],"twitter_card":"summary_large_image","twitter_site":"@degreed","twitter_misc":{"Dur\u00e9e de lecture estim\u00e9e":"1 minute"},"schema":{"@context":"https:\/\/schema.org","@graph":[{"@type":"WebPage","@id":"https:\/\/degreed.com\/experience\/fr\/request-demo\/","url":"https:\/\/degreed.com\/experience\/fr\/request-demo\/","name":"Demander une d\u00e9mo de Learning Experience | D\u00e9mo LXP | Degreed - Degreed","isPartOf":{"@id":"https:\/\/degreed.com\/experience\/fr\/#website"},"primaryImageOfPage":{"@id":"https:\/\/degreed.com\/experience\/fr\/request-demo\/#primaryimage"},"image":{"@id":"https:\/\/degreed.com\/experience\/fr\/request-demo\/#primaryimage"},"thumbnailUrl":"https:\/\/explore.degreed.com\/wp-content\/uploads\/2023\/09\/meta-image-degreed.jpg","datePublished":"2023-07-24T21:47:39+00:00","dateModified":"2025-09-09T14:51:41+00:00","description":"Demandez une d\u00e9mo Degreed pour d\u00e9couvrir nos solutions Learning Experience, Experiential Learning, Degreed Intelligence et Degreed Extended Enterprise.","breadcrumb":{"@id":"https:\/\/degreed.com\/experience\/fr\/request-demo\/#breadcrumb"},"inLanguage":"fr-FR","potentialAction":[{"@type":"ReadAction","target":["https:\/\/degreed.com\/experience\/fr\/request-demo\/"]}]},{"@type":"ImageObject","inLanguage":"fr-FR","@id":"https:\/\/degreed.com\/experience\/fr\/request-demo\/#primaryimage","url":"https:\/\/explore.degreed.com\/wp-content\/uploads\/2023\/09\/meta-image-degreed.jpg","contentUrl":"https:\/\/explore.degreed.com\/wp-content\/uploads\/2023\/09\/meta-image-degreed.jpg","width":1200,"height":630,"caption":"Image Degreed"},{"@type":"BreadcrumbList","@id":"https:\/\/degreed.com\/experience\/fr\/request-demo\/#breadcrumb","itemListElement":[{"@type":"ListItem","position":1,"name":"Home","item":"https:\/\/degreed.com\/experience\/fr\/"},{"@type":"ListItem","position":2,"name":"Demander une d\u00e9mo de Learning Experience | D\u00e9mo LXP | Degreed"}]},{"@type":"WebSite","@id":"https:\/\/degreed.com\/experience\/fr\/#website","url":"https:\/\/degreed.com\/experience\/fr\/","name":"Degreed","description":"The Learning and Upskilling Platform","publisher":{"@id":"https:\/\/degreed.com\/experience\/fr\/#organization"},"potentialAction":[{"@type":"SearchAction","target":{"@type":"EntryPoint","urlTemplate":"https:\/\/degreed.com\/experience\/fr\/?s={search_term_string}"},"query-input":{"@type":"PropertyValueSpecification","valueRequired":true,"valueName":"search_term_string"}}],"inLanguage":"fr-FR"},{"@type":"Organization","@id":"https:\/\/degreed.com\/experience\/fr\/#organization","name":"Degreed","url":"https:\/\/degreed.com\/experience\/fr\/","logo":{"@type":"ImageObject","inLanguage":"fr-FR","@id":"https:\/\/degreed.com\/experience\/fr\/#\/schema\/logo\/image\/","url":"https:\/\/explore.degreed.com\/wp-content\/uploads\/2023\/05\/logo.svg","contentUrl":"https:\/\/explore.degreed.com\/wp-content\/uploads\/2023\/05\/logo.svg","caption":"Degreed"},"image":{"@id":"https:\/\/degreed.com\/experience\/fr\/#\/schema\/logo\/image\/"},"sameAs":["https:\/\/www.facebook.com\/DegreedOfficial","https:\/\/x.com\/degreed","https:\/\/www.linkedin.com\/company\/degreed\/","https:\/\/www.youtube.com\/channel\/UCkH3pyPKVngvsZzZlmoH-Mw","https:\/\/www.instagram.com\/degreed\/"],"numberOfEmployees":{"@type":"QuantitativeValue","minValue":"201","maxValue":"500"}}]}},"publishpress_future_action":{"enabled":false,"date":"2026-04-23 00:27:01","action":"change-status","newStatus":"draft","terms":[],"taxonomy":"translation_priority","extraData":[]},"publishpress_future_workflow_manual_trigger":{"enabledWorkflows":[]},"_links":{"self":[{"href":"https:\/\/explore.degreed.com\/experience\/fr\/wp-json\/wp\/v2\/pages\/32959","targetHints":{"allow":["GET"]}}],"collection":[{"href":"https:\/\/explore.degreed.com\/experience\/fr\/wp-json\/wp\/v2\/pages"}],"about":[{"href":"https:\/\/explore.degreed.com\/experience\/fr\/wp-json\/wp\/v2\/types\/page"}],"author":[{"embeddable":true,"href":"https:\/\/explore.degreed.com\/experience\/fr\/wp-json\/wp\/v2\/users\/21"}],"replies":[{"embeddable":true,"href":"https:\/\/explore.degreed.com\/experience\/fr\/wp-json\/wp\/v2\/comments?post=32959"}],"version-history":[{"count":0,"href":"https:\/\/explore.degreed.com\/experience\/fr\/wp-json\/wp\/v2\/pages\/32959\/revisions"}],"wp:featuredmedia":[{"embeddable":true,"href":"https:\/\/explore.degreed.com\/experience\/fr\/wp-json\/wp\/v2\/media\/31682"}],"wp:attachment":[{"href":"https:\/\/explore.degreed.com\/experience\/fr\/wp-json\/wp\/v2\/media?parent=32959"}],"wp:term":[{"taxonomy":"folder","embeddable":true,"href":"https:\/\/explore.degreed.com\/experience\/fr\/wp-json\/wp\/v2\/folder?post=32959"}],"curies":[{"name":"wp","href":"https:\/\/api.w.org\/{rel}","templated":true}]}}