{"id":59474,"date":"2024-07-31T20:13:35","date_gmt":"2024-07-31T20:13:35","guid":{"rendered":"https:\/\/explore.local\/competences\/"},"modified":"2025-10-17T18:54:12","modified_gmt":"2025-10-17T18:54:12","slug":"skills","status":"publish","type":"page","link":"https:\/\/degreed.com\/experience\/fr\/skills\/","title":{"rendered":"Degreed Comp\u00e9tences+"},"content":{"rendered":"","protected":false},"excerpt":{"rendered":"","protected":false},"author":17,"featured_media":0,"parent":0,"menu_order":0,"comment_status":"closed","ping_status":"closed","template":"page_general.php","meta":{"_acf_changed":false,"inline_featured_image":false,"footnotes":""},"folder":[],"class_list":["post-59474","page","type-page","status-publish","hentry"],"acf":[],"yoast_head":"<!-- This site is optimized with the Yoast SEO Premium plugin v27.2 (Yoast SEO v27.3) - https:\/\/yoast.com\/product\/yoast-seo-premium-wordpress\/ -->\n<title>D\u00e9veloppez les comp\u00e9tences de vos \u00e9quipes avec Degreed - Donnez-leur les moyens de r\u00e9ussir<\/title>\n<meta name=\"description\" content=\"Donnez \u00e0 vos \u00e9quipes les moyens de r\u00e9ussir gr\u00e2ce \u00e0 la veille des comp\u00e9tences sur Degreed. Personnalisez le d\u00e9veloppement des comp\u00e9tences, mesurez la progression et pr\u00e9parez vos \u00e9quipes \u00e0 relever les d\u00e9fis de demain.\" \/>\n<meta name=\"robots\" content=\"index, follow, max-snippet:-1, max-image-preview:large, max-video-preview:-1\" \/>\n<link rel=\"canonical\" href=\"https:\/\/degreed.com\/experience\/fr\/skills\/\" \/>\n<meta property=\"og:locale\" content=\"fr_FR\" \/>\n<meta property=\"og:type\" content=\"article\" \/>\n<meta property=\"og:title\" content=\"Degreed Comp\u00e9tences+\" \/>\n<meta property=\"og:description\" content=\"Donnez \u00e0 vos \u00e9quipes les moyens de r\u00e9ussir gr\u00e2ce \u00e0 la veille des comp\u00e9tences sur Degreed. Personnalisez le d\u00e9veloppement des comp\u00e9tences, mesurez la progression et pr\u00e9parez vos \u00e9quipes \u00e0 relever les d\u00e9fis de demain.\" \/>\n<meta property=\"og:url\" content=\"https:\/\/degreed.com\/experience\/fr\/skills\/\" \/>\n<meta property=\"og:site_name\" content=\"Degreed\" \/>\n<meta property=\"article:publisher\" content=\"https:\/\/www.facebook.com\/DegreedOfficial\" \/>\n<meta property=\"article:modified_time\" content=\"2025-10-17T18:54:12+00:00\" \/>\n<meta property=\"og:image\" content=\"https:\/\/explore.degreed.com\/wp-content\/uploads\/2023\/09\/meta-image-degreed.jpg\" \/>\n\t<meta property=\"og:image:width\" content=\"1200\" \/>\n\t<meta property=\"og:image:height\" content=\"630\" \/>\n\t<meta property=\"og:image:type\" content=\"image\/jpeg\" \/>\n<meta name=\"twitter:card\" content=\"summary_large_image\" \/>\n<meta name=\"twitter:site\" content=\"@degreed\" \/>\n<script type=\"application\/ld+json\" class=\"yoast-schema-graph\">{\"@context\":\"https:\\\/\\\/schema.org\",\"@graph\":[{\"@type\":\"WebPage\",\"@id\":\"https:\\\/\\\/degreed.com\\\/experience\\\/fr\\\/skills\\\/\",\"url\":\"https:\\\/\\\/degreed.com\\\/experience\\\/fr\\\/skills\\\/\",\"name\":\"D\u00e9veloppez les comp\u00e9tences de vos \u00e9quipes avec Degreed - Donnez-leur les moyens de r\u00e9ussir\",\"isPartOf\":{\"@id\":\"https:\\\/\\\/degreed.com\\\/experience\\\/fr\\\/#website\"},\"datePublished\":\"2024-07-31T20:13:35+00:00\",\"dateModified\":\"2025-10-17T18:54:12+00:00\",\"description\":\"Donnez \u00e0 vos \u00e9quipes les moyens de r\u00e9ussir gr\u00e2ce \u00e0 la veille des comp\u00e9tences sur Degreed. Personnalisez le d\u00e9veloppement des comp\u00e9tences, mesurez la progression et pr\u00e9parez vos \u00e9quipes \u00e0 relever les d\u00e9fis de demain.\",\"breadcrumb\":{\"@id\":\"https:\\\/\\\/degreed.com\\\/experience\\\/fr\\\/skills\\\/#breadcrumb\"},\"inLanguage\":\"fr-FR\",\"potentialAction\":[{\"@type\":\"ReadAction\",\"target\":[\"https:\\\/\\\/degreed.com\\\/experience\\\/fr\\\/skills\\\/\"]}]},{\"@type\":\"BreadcrumbList\",\"@id\":\"https:\\\/\\\/degreed.com\\\/experience\\\/fr\\\/skills\\\/#breadcrumb\",\"itemListElement\":[{\"@type\":\"ListItem\",\"position\":1,\"name\":\"Home\",\"item\":\"https:\\\/\\\/degreed.com\\\/experience\\\/fr\\\/\"},{\"@type\":\"ListItem\",\"position\":2,\"name\":\"Degreed Comp\u00e9tences+\"}]},{\"@type\":\"WebSite\",\"@id\":\"https:\\\/\\\/degreed.com\\\/experience\\\/fr\\\/#website\",\"url\":\"https:\\\/\\\/degreed.com\\\/experience\\\/fr\\\/\",\"name\":\"Degreed\",\"description\":\"The Learning and Upskilling Platform\",\"publisher\":{\"@id\":\"https:\\\/\\\/degreed.com\\\/experience\\\/fr\\\/#organization\"},\"potentialAction\":[{\"@type\":\"SearchAction\",\"target\":{\"@type\":\"EntryPoint\",\"urlTemplate\":\"https:\\\/\\\/degreed.com\\\/experience\\\/fr\\\/?s={search_term_string}\"},\"query-input\":{\"@type\":\"PropertyValueSpecification\",\"valueRequired\":true,\"valueName\":\"search_term_string\"}}],\"inLanguage\":\"fr-FR\"},{\"@type\":\"Organization\",\"@id\":\"https:\\\/\\\/degreed.com\\\/experience\\\/fr\\\/#organization\",\"name\":\"Degreed\",\"url\":\"https:\\\/\\\/degreed.com\\\/experience\\\/fr\\\/\",\"logo\":{\"@type\":\"ImageObject\",\"inLanguage\":\"fr-FR\",\"@id\":\"https:\\\/\\\/degreed.com\\\/experience\\\/fr\\\/#\\\/schema\\\/logo\\\/image\\\/\",\"url\":\"https:\\\/\\\/explore.degreed.com\\\/wp-content\\\/uploads\\\/2023\\\/05\\\/logo.svg\",\"contentUrl\":\"https:\\\/\\\/explore.degreed.com\\\/wp-content\\\/uploads\\\/2023\\\/05\\\/logo.svg\",\"caption\":\"Degreed\"},\"image\":{\"@id\":\"https:\\\/\\\/degreed.com\\\/experience\\\/fr\\\/#\\\/schema\\\/logo\\\/image\\\/\"},\"sameAs\":[\"https:\\\/\\\/www.facebook.com\\\/DegreedOfficial\",\"https:\\\/\\\/x.com\\\/degreed\",\"https:\\\/\\\/www.linkedin.com\\\/company\\\/degreed\\\/\",\"https:\\\/\\\/www.youtube.com\\\/channel\\\/UCkH3pyPKVngvsZzZlmoH-Mw\",\"https:\\\/\\\/www.instagram.com\\\/degreed\\\/\"],\"numberOfEmployees\":{\"@type\":\"QuantitativeValue\",\"minValue\":\"201\",\"maxValue\":\"500\"}}]}<\/script>\n<!-- \/ Yoast SEO Premium plugin. -->","yoast_head_json":{"title":"D\u00e9veloppez les comp\u00e9tences de vos \u00e9quipes avec Degreed - Donnez-leur les moyens de r\u00e9ussir","description":"Donnez \u00e0 vos \u00e9quipes les moyens de r\u00e9ussir gr\u00e2ce \u00e0 la veille des comp\u00e9tences sur Degreed. Personnalisez le d\u00e9veloppement des comp\u00e9tences, mesurez la progression et pr\u00e9parez vos \u00e9quipes \u00e0 relever les d\u00e9fis de demain.","robots":{"index":"index","follow":"follow","max-snippet":"max-snippet:-1","max-image-preview":"max-image-preview:large","max-video-preview":"max-video-preview:-1"},"canonical":"https:\/\/degreed.com\/experience\/fr\/skills\/","og_locale":"fr_FR","og_type":"article","og_title":"Degreed Comp\u00e9tences+","og_description":"Donnez \u00e0 vos \u00e9quipes les moyens de r\u00e9ussir gr\u00e2ce \u00e0 la veille des comp\u00e9tences sur Degreed. Personnalisez le d\u00e9veloppement des comp\u00e9tences, mesurez la progression et pr\u00e9parez vos \u00e9quipes \u00e0 relever les d\u00e9fis de demain.","og_url":"https:\/\/degreed.com\/experience\/fr\/skills\/","og_site_name":"Degreed","article_publisher":"https:\/\/www.facebook.com\/DegreedOfficial","article_modified_time":"2025-10-17T18:54:12+00:00","og_image":[{"width":1200,"height":630,"url":"https:\/\/explore.degreed.com\/wp-content\/uploads\/2023\/09\/meta-image-degreed.jpg","type":"image\/jpeg"}],"twitter_card":"summary_large_image","twitter_site":"@degreed","schema":{"@context":"https:\/\/schema.org","@graph":[{"@type":"WebPage","@id":"https:\/\/degreed.com\/experience\/fr\/skills\/","url":"https:\/\/degreed.com\/experience\/fr\/skills\/","name":"D\u00e9veloppez les comp\u00e9tences de vos \u00e9quipes avec Degreed - Donnez-leur les moyens de r\u00e9ussir","isPartOf":{"@id":"https:\/\/degreed.com\/experience\/fr\/#website"},"datePublished":"2024-07-31T20:13:35+00:00","dateModified":"2025-10-17T18:54:12+00:00","description":"Donnez \u00e0 vos \u00e9quipes les moyens de r\u00e9ussir gr\u00e2ce \u00e0 la veille des comp\u00e9tences sur Degreed. Personnalisez le d\u00e9veloppement des comp\u00e9tences, mesurez la progression et pr\u00e9parez vos \u00e9quipes \u00e0 relever les d\u00e9fis de demain.","breadcrumb":{"@id":"https:\/\/degreed.com\/experience\/fr\/skills\/#breadcrumb"},"inLanguage":"fr-FR","potentialAction":[{"@type":"ReadAction","target":["https:\/\/degreed.com\/experience\/fr\/skills\/"]}]},{"@type":"BreadcrumbList","@id":"https:\/\/degreed.com\/experience\/fr\/skills\/#breadcrumb","itemListElement":[{"@type":"ListItem","position":1,"name":"Home","item":"https:\/\/degreed.com\/experience\/fr\/"},{"@type":"ListItem","position":2,"name":"Degreed Comp\u00e9tences+"}]},{"@type":"WebSite","@id":"https:\/\/degreed.com\/experience\/fr\/#website","url":"https:\/\/degreed.com\/experience\/fr\/","name":"Degreed","description":"The Learning and Upskilling Platform","publisher":{"@id":"https:\/\/degreed.com\/experience\/fr\/#organization"},"potentialAction":[{"@type":"SearchAction","target":{"@type":"EntryPoint","urlTemplate":"https:\/\/degreed.com\/experience\/fr\/?s={search_term_string}"},"query-input":{"@type":"PropertyValueSpecification","valueRequired":true,"valueName":"search_term_string"}}],"inLanguage":"fr-FR"},{"@type":"Organization","@id":"https:\/\/degreed.com\/experience\/fr\/#organization","name":"Degreed","url":"https:\/\/degreed.com\/experience\/fr\/","logo":{"@type":"ImageObject","inLanguage":"fr-FR","@id":"https:\/\/degreed.com\/experience\/fr\/#\/schema\/logo\/image\/","url":"https:\/\/explore.degreed.com\/wp-content\/uploads\/2023\/05\/logo.svg","contentUrl":"https:\/\/explore.degreed.com\/wp-content\/uploads\/2023\/05\/logo.svg","caption":"Degreed"},"image":{"@id":"https:\/\/degreed.com\/experience\/fr\/#\/schema\/logo\/image\/"},"sameAs":["https:\/\/www.facebook.com\/DegreedOfficial","https:\/\/x.com\/degreed","https:\/\/www.linkedin.com\/company\/degreed\/","https:\/\/www.youtube.com\/channel\/UCkH3pyPKVngvsZzZlmoH-Mw","https:\/\/www.instagram.com\/degreed\/"],"numberOfEmployees":{"@type":"QuantitativeValue","minValue":"201","maxValue":"500"}}]}},"publishpress_future_action":{"enabled":false,"date":"2026-04-28 16:01:05","action":"change-status","newStatus":"draft","terms":[],"taxonomy":"translation_priority","extraData":[]},"publishpress_future_workflow_manual_trigger":{"enabledWorkflows":[]},"_links":{"self":[{"href":"https:\/\/explore.degreed.com\/experience\/fr\/wp-json\/wp\/v2\/pages\/59474","targetHints":{"allow":["GET"]}}],"collection":[{"href":"https:\/\/explore.degreed.com\/experience\/fr\/wp-json\/wp\/v2\/pages"}],"about":[{"href":"https:\/\/explore.degreed.com\/experience\/fr\/wp-json\/wp\/v2\/types\/page"}],"author":[{"embeddable":true,"href":"https:\/\/explore.degreed.com\/experience\/fr\/wp-json\/wp\/v2\/users\/17"}],"replies":[{"embeddable":true,"href":"https:\/\/explore.degreed.com\/experience\/fr\/wp-json\/wp\/v2\/comments?post=59474"}],"version-history":[{"count":0,"href":"https:\/\/explore.degreed.com\/experience\/fr\/wp-json\/wp\/v2\/pages\/59474\/revisions"}],"wp:attachment":[{"href":"https:\/\/explore.degreed.com\/experience\/fr\/wp-json\/wp\/v2\/media?parent=59474"}],"wp:term":[{"taxonomy":"folder","embeddable":true,"href":"https:\/\/explore.degreed.com\/experience\/fr\/wp-json\/wp\/v2\/folder?post=59474"}],"curies":[{"name":"wp","href":"https:\/\/api.w.org\/{rel}","templated":true}]}}