{"id":88262,"date":"2026-02-13T11:34:06","date_gmt":"2026-02-13T11:34:06","guid":{"rendered":"https:\/\/degreed.com\/experience\/?page_id=88262"},"modified":"2026-03-05T18:03:13","modified_gmt":"2026-03-05T18:03:13","slug":"home-page-2026","status":"publish","type":"page","link":"https:\/\/degreed.com\/experience\/fr\/","title":{"rendered":"Degreed"},"content":{"rendered":"","protected":false},"excerpt":{"rendered":"","protected":false},"author":140,"featured_media":0,"parent":0,"menu_order":0,"comment_status":"closed","ping_status":"closed","template":"page_home_2026.php","meta":{"_acf_changed":false,"inline_featured_image":false,"footnotes":""},"folder":[],"class_list":["post-88262","page","type-page","status-publish","hentry"],"acf":[],"yoast_head":"<!-- This site is optimized with the Yoast SEO Premium plugin v27.2 (Yoast SEO v27.3) - https:\/\/yoast.com\/product\/yoast-seo-premium-wordpress\/ -->\n<title>La plateforme de formation et de mont\u00e9e en comp\u00e9tences | Solutions propuls\u00e9es par l\u2019IA - Degreed<\/title>\n<meta name=\"description\" content=\"Il est temps de repenser la formation avec l\u2019IA. Degreed est votre plateforme partenaire pour la mont\u00e9e en comp\u00e9tences, avec des formations de bout en bout, un d\u00e9veloppement cibl\u00e9 des comp\u00e9tences et des donn\u00e9es en temps r\u00e9el.\" \/>\n<meta name=\"robots\" content=\"index, follow, max-snippet:-1, max-image-preview:large, max-video-preview:-1\" \/>\n<link rel=\"canonical\" href=\"https:\/\/degreed.com\/experience\/fr\/\" \/>\n<meta property=\"og:locale\" content=\"fr_FR\" \/>\n<meta property=\"og:type\" content=\"article\" \/>\n<meta property=\"og:title\" content=\"Degreed\" \/>\n<meta property=\"og:description\" content=\"Il est temps de repenser la formation avec l\u2019IA. Degreed est votre plateforme partenaire pour la mont\u00e9e en comp\u00e9tences, avec des formations de bout en bout, un d\u00e9veloppement cibl\u00e9 des comp\u00e9tences et des donn\u00e9es en temps r\u00e9el.\" \/>\n<meta property=\"og:url\" content=\"https:\/\/degreed.com\/experience\/fr\/\" \/>\n<meta property=\"og:site_name\" content=\"Degreed\" \/>\n<meta property=\"article:publisher\" content=\"https:\/\/www.facebook.com\/DegreedOfficial\" \/>\n<meta property=\"article:modified_time\" content=\"2026-03-05T18:03:13+00:00\" \/>\n<meta property=\"og:image\" content=\"https:\/\/explore.degreed.com\/wp-content\/uploads\/2023\/09\/meta-image-degreed.jpg\" \/>\n\t<meta property=\"og:image:width\" content=\"1200\" \/>\n\t<meta property=\"og:image:height\" content=\"630\" \/>\n\t<meta property=\"og:image:type\" content=\"image\/jpeg\" \/>\n<meta name=\"twitter:card\" content=\"summary_large_image\" \/>\n<meta name=\"twitter:site\" content=\"@degreed\" \/>\n<script type=\"application\/ld+json\" class=\"yoast-schema-graph\">{\"@context\":\"https:\\\/\\\/schema.org\",\"@graph\":[{\"@type\":\"WebPage\",\"@id\":\"https:\\\/\\\/degreed.com\\\/experience\\\/fr\\\/\",\"url\":\"https:\\\/\\\/degreed.com\\\/experience\\\/fr\\\/\",\"name\":\"La plateforme de formation et de mont\u00e9e en comp\u00e9tences | Solutions propuls\u00e9es par l\u2019IA - Degreed\",\"isPartOf\":{\"@id\":\"https:\\\/\\\/degreed.com\\\/experience\\\/#website\"},\"datePublished\":\"2026-02-13T11:34:06+00:00\",\"dateModified\":\"2026-03-05T18:03:13+00:00\",\"description\":\"Il est temps de repenser la formation avec l\u2019IA. Degreed est votre plateforme partenaire pour la mont\u00e9e en comp\u00e9tences, avec des formations de bout en bout, un d\u00e9veloppement cibl\u00e9 des comp\u00e9tences et des donn\u00e9es en temps r\u00e9el.\",\"breadcrumb\":{\"@id\":\"https:\\\/\\\/degreed.com\\\/experience\\\/fr\\\/#breadcrumb\"},\"inLanguage\":\"fr-FR\",\"potentialAction\":[{\"@type\":\"ReadAction\",\"target\":[\"https:\\\/\\\/degreed.com\\\/experience\\\/fr\\\/\"]}]},{\"@type\":\"BreadcrumbList\",\"@id\":\"https:\\\/\\\/degreed.com\\\/experience\\\/fr\\\/#breadcrumb\",\"itemListElement\":[{\"@type\":\"ListItem\",\"position\":1,\"name\":\"Home\",\"item\":\"https:\\\/\\\/degreed.com\\\/experience\\\/\"},{\"@type\":\"ListItem\",\"position\":2,\"name\":\"Degreed\"}]},{\"@type\":\"WebSite\",\"@id\":\"https:\\\/\\\/degreed.com\\\/experience\\\/#website\",\"url\":\"https:\\\/\\\/degreed.com\\\/experience\\\/\",\"name\":\"Degreed\",\"description\":\"The Learning and Upskilling Platform\",\"publisher\":{\"@id\":\"https:\\\/\\\/degreed.com\\\/experience\\\/#organization\"},\"potentialAction\":[{\"@type\":\"SearchAction\",\"target\":{\"@type\":\"EntryPoint\",\"urlTemplate\":\"https:\\\/\\\/degreed.com\\\/experience\\\/?s={search_term_string}\"},\"query-input\":{\"@type\":\"PropertyValueSpecification\",\"valueRequired\":true,\"valueName\":\"search_term_string\"}}],\"inLanguage\":\"fr-FR\"},{\"@type\":\"Organization\",\"@id\":\"https:\\\/\\\/degreed.com\\\/experience\\\/#organization\",\"name\":\"Degreed\",\"url\":\"https:\\\/\\\/degreed.com\\\/experience\\\/\",\"logo\":{\"@type\":\"ImageObject\",\"inLanguage\":\"fr-FR\",\"@id\":\"https:\\\/\\\/degreed.com\\\/experience\\\/#\\\/schema\\\/logo\\\/image\\\/\",\"url\":\"https:\\\/\\\/explore.degreed.com\\\/wp-content\\\/uploads\\\/2023\\\/05\\\/logo.svg\",\"contentUrl\":\"https:\\\/\\\/explore.degreed.com\\\/wp-content\\\/uploads\\\/2023\\\/05\\\/logo.svg\",\"caption\":\"Degreed\"},\"image\":{\"@id\":\"https:\\\/\\\/degreed.com\\\/experience\\\/#\\\/schema\\\/logo\\\/image\\\/\"},\"sameAs\":[\"https:\\\/\\\/www.facebook.com\\\/DegreedOfficial\",\"https:\\\/\\\/x.com\\\/degreed\",\"https:\\\/\\\/www.linkedin.com\\\/company\\\/degreed\\\/\",\"https:\\\/\\\/www.youtube.com\\\/channel\\\/UCkH3pyPKVngvsZzZlmoH-Mw\",\"https:\\\/\\\/www.instagram.com\\\/degreed\\\/\"],\"numberOfEmployees\":{\"@type\":\"QuantitativeValue\",\"minValue\":\"201\",\"maxValue\":\"500\"}}]}<\/script>\n<!-- \/ Yoast SEO Premium plugin. -->","yoast_head_json":{"title":"La plateforme de formation et de mont\u00e9e en comp\u00e9tences | Solutions propuls\u00e9es par l\u2019IA - Degreed","description":"Il est temps de repenser la formation avec l\u2019IA. Degreed est votre plateforme partenaire pour la mont\u00e9e en comp\u00e9tences, avec des formations de bout en bout, un d\u00e9veloppement cibl\u00e9 des comp\u00e9tences et des donn\u00e9es en temps r\u00e9el.","robots":{"index":"index","follow":"follow","max-snippet":"max-snippet:-1","max-image-preview":"max-image-preview:large","max-video-preview":"max-video-preview:-1"},"canonical":"https:\/\/degreed.com\/experience\/fr\/","og_locale":"fr_FR","og_type":"article","og_title":"Degreed","og_description":"Il est temps de repenser la formation avec l\u2019IA. Degreed est votre plateforme partenaire pour la mont\u00e9e en comp\u00e9tences, avec des formations de bout en bout, un d\u00e9veloppement cibl\u00e9 des comp\u00e9tences et des donn\u00e9es en temps r\u00e9el.","og_url":"https:\/\/degreed.com\/experience\/fr\/","og_site_name":"Degreed","article_publisher":"https:\/\/www.facebook.com\/DegreedOfficial","article_modified_time":"2026-03-05T18:03:13+00:00","og_image":[{"width":1200,"height":630,"url":"https:\/\/explore.degreed.com\/wp-content\/uploads\/2023\/09\/meta-image-degreed.jpg","type":"image\/jpeg"}],"twitter_card":"summary_large_image","twitter_site":"@degreed","schema":{"@context":"https:\/\/schema.org","@graph":[{"@type":"WebPage","@id":"https:\/\/degreed.com\/experience\/fr\/","url":"https:\/\/degreed.com\/experience\/fr\/","name":"La plateforme de formation et de mont\u00e9e en comp\u00e9tences | Solutions propuls\u00e9es par l\u2019IA - Degreed","isPartOf":{"@id":"https:\/\/degreed.com\/experience\/#website"},"datePublished":"2026-02-13T11:34:06+00:00","dateModified":"2026-03-05T18:03:13+00:00","description":"Il est temps de repenser la formation avec l\u2019IA. Degreed est votre plateforme partenaire pour la mont\u00e9e en comp\u00e9tences, avec des formations de bout en bout, un d\u00e9veloppement cibl\u00e9 des comp\u00e9tences et des donn\u00e9es en temps r\u00e9el.","breadcrumb":{"@id":"https:\/\/degreed.com\/experience\/fr\/#breadcrumb"},"inLanguage":"fr-FR","potentialAction":[{"@type":"ReadAction","target":["https:\/\/degreed.com\/experience\/fr\/"]}]},{"@type":"BreadcrumbList","@id":"https:\/\/degreed.com\/experience\/fr\/#breadcrumb","itemListElement":[{"@type":"ListItem","position":1,"name":"Home","item":"https:\/\/degreed.com\/experience\/"},{"@type":"ListItem","position":2,"name":"Degreed"}]},{"@type":"WebSite","@id":"https:\/\/degreed.com\/experience\/#website","url":"https:\/\/degreed.com\/experience\/","name":"Degreed","description":"The Learning and Upskilling Platform","publisher":{"@id":"https:\/\/degreed.com\/experience\/#organization"},"potentialAction":[{"@type":"SearchAction","target":{"@type":"EntryPoint","urlTemplate":"https:\/\/degreed.com\/experience\/?s={search_term_string}"},"query-input":{"@type":"PropertyValueSpecification","valueRequired":true,"valueName":"search_term_string"}}],"inLanguage":"fr-FR"},{"@type":"Organization","@id":"https:\/\/degreed.com\/experience\/#organization","name":"Degreed","url":"https:\/\/degreed.com\/experience\/","logo":{"@type":"ImageObject","inLanguage":"fr-FR","@id":"https:\/\/degreed.com\/experience\/#\/schema\/logo\/image\/","url":"https:\/\/explore.degreed.com\/wp-content\/uploads\/2023\/05\/logo.svg","contentUrl":"https:\/\/explore.degreed.com\/wp-content\/uploads\/2023\/05\/logo.svg","caption":"Degreed"},"image":{"@id":"https:\/\/degreed.com\/experience\/#\/schema\/logo\/image\/"},"sameAs":["https:\/\/www.facebook.com\/DegreedOfficial","https:\/\/x.com\/degreed","https:\/\/www.linkedin.com\/company\/degreed\/","https:\/\/www.youtube.com\/channel\/UCkH3pyPKVngvsZzZlmoH-Mw","https:\/\/www.instagram.com\/degreed\/"],"numberOfEmployees":{"@type":"QuantitativeValue","minValue":"201","maxValue":"500"}}]}},"publishpress_future_action":{"enabled":false,"date":"2026-04-26 00:19:02","action":"change-status","newStatus":"draft","terms":[],"taxonomy":"translation_priority","extraData":[]},"publishpress_future_workflow_manual_trigger":{"enabledWorkflows":[]},"_links":{"self":[{"href":"https:\/\/explore.degreed.com\/experience\/fr\/wp-json\/wp\/v2\/pages\/88262","targetHints":{"allow":["GET"]}}],"collection":[{"href":"https:\/\/explore.degreed.com\/experience\/fr\/wp-json\/wp\/v2\/pages"}],"about":[{"href":"https:\/\/explore.degreed.com\/experience\/fr\/wp-json\/wp\/v2\/types\/page"}],"author":[{"embeddable":true,"href":"https:\/\/explore.degreed.com\/experience\/fr\/wp-json\/wp\/v2\/users\/140"}],"replies":[{"embeddable":true,"href":"https:\/\/explore.degreed.com\/experience\/fr\/wp-json\/wp\/v2\/comments?post=88262"}],"version-history":[{"count":0,"href":"https:\/\/explore.degreed.com\/experience\/fr\/wp-json\/wp\/v2\/pages\/88262\/revisions"}],"wp:attachment":[{"href":"https:\/\/explore.degreed.com\/experience\/fr\/wp-json\/wp\/v2\/media?parent=88262"}],"wp:term":[{"taxonomy":"folder","embeddable":true,"href":"https:\/\/explore.degreed.com\/experience\/fr\/wp-json\/wp\/v2\/folder?post=88262"}],"curies":[{"name":"wp","href":"https:\/\/api.w.org\/{rel}","templated":true}]}}