{"id":88263,"date":"2026-02-13T11:34:06","date_gmt":"2026-02-13T11:34:06","guid":{"rendered":"https:\/\/degreed.com\/experience\/?page_id=88263"},"modified":"2026-03-05T18:03:14","modified_gmt":"2026-03-05T18:03:14","slug":"pagina-inicial-2026","status":"publish","type":"page","link":"https:\/\/degreed.com\/experience\/pt-br\/","title":{"rendered":"Degreed"},"content":{"rendered":"","protected":false},"excerpt":{"rendered":"","protected":false},"author":140,"featured_media":0,"parent":0,"menu_order":0,"comment_status":"closed","ping_status":"closed","template":"page_home_2026.php","meta":{"_acf_changed":false,"inline_featured_image":false,"footnotes":""},"folder":[],"class_list":["post-88263","page","type-page","status-publish","hentry"],"acf":[],"yoast_head":"<!-- This site is optimized with the Yoast SEO Premium plugin v27.2 (Yoast SEO v27.2) - https:\/\/yoast.com\/product\/yoast-seo-premium-wordpress\/ -->\n<title>Plataforma educacional e de upskilling | Solu\u00e7\u00f5es com IA - Degreed<\/title>\n<meta name=\"description\" content=\"\u00c9 hora de repensar a aprendizagem com o poder da IA. A Degreed \u00e9 a sua plataforma de upskilling com aprendizagem completa, desenvolvimento direcionado de habilidades e dados em tempo real.\" \/>\n<meta name=\"robots\" content=\"index, follow, max-snippet:-1, max-image-preview:large, max-video-preview:-1\" \/>\n<link rel=\"canonical\" href=\"https:\/\/degreed.com\/experience\/pt-br\/\" \/>\n<meta property=\"og:locale\" content=\"pt_BR\" \/>\n<meta property=\"og:type\" content=\"article\" \/>\n<meta property=\"og:title\" content=\"Degreed\" \/>\n<meta property=\"og:description\" content=\"\u00c9 hora de repensar a aprendizagem com o poder da IA. A Degreed \u00e9 a sua plataforma de upskilling com aprendizagem completa, desenvolvimento direcionado de habilidades e dados em tempo real.\" \/>\n<meta property=\"og:url\" content=\"https:\/\/degreed.com\/experience\/pt-br\/\" \/>\n<meta property=\"og:site_name\" content=\"Degreed\" \/>\n<meta property=\"article:publisher\" content=\"https:\/\/www.facebook.com\/DegreedOfficial\" \/>\n<meta property=\"article:modified_time\" content=\"2026-03-05T18:03:14+00:00\" \/>\n<meta property=\"og:image\" content=\"https:\/\/explore.degreed.com\/wp-content\/uploads\/2023\/09\/meta-image-degreed.jpg\" \/>\n\t<meta property=\"og:image:width\" content=\"1200\" \/>\n\t<meta property=\"og:image:height\" content=\"630\" \/>\n\t<meta property=\"og:image:type\" content=\"image\/jpeg\" \/>\n<meta name=\"twitter:card\" content=\"summary_large_image\" \/>\n<meta name=\"twitter:site\" content=\"@degreed\" \/>\n<script type=\"application\/ld+json\" class=\"yoast-schema-graph\">{\"@context\":\"https:\/\/schema.org\",\"@graph\":[{\"@type\":\"WebPage\",\"@id\":\"https:\/\/degreed.com\/experience\/pt-br\/\",\"url\":\"https:\/\/degreed.com\/experience\/pt-br\/\",\"name\":\"Plataforma educacional e de upskilling | Solu\u00e7\u00f5es com IA - Degreed\",\"isPartOf\":{\"@id\":\"https:\/\/degreed.com\/experience\/pt-br\/#website\"},\"datePublished\":\"2026-02-13T11:34:06+00:00\",\"dateModified\":\"2026-03-05T18:03:14+00:00\",\"description\":\"\u00c9 hora de repensar a aprendizagem com o poder da IA. A Degreed \u00e9 a sua plataforma de upskilling com aprendizagem completa, desenvolvimento direcionado de habilidades e dados em tempo real.\",\"breadcrumb\":{\"@id\":\"https:\/\/degreed.com\/experience\/pt-br\/#breadcrumb\"},\"inLanguage\":\"pt-BR\",\"potentialAction\":[{\"@type\":\"ReadAction\",\"target\":[\"https:\/\/degreed.com\/experience\/pt-br\/\"]}]},{\"@type\":\"BreadcrumbList\",\"@id\":\"https:\/\/degreed.com\/experience\/pt-br\/#breadcrumb\",\"itemListElement\":[{\"@type\":\"ListItem\",\"position\":1,\"name\":\"Home\",\"item\":\"https:\/\/degreed.com\/experience\/pt-br\/\"},{\"@type\":\"ListItem\",\"position\":2,\"name\":\"Degreed\"}]},{\"@type\":\"WebSite\",\"@id\":\"https:\/\/degreed.com\/experience\/pt-br\/#website\",\"url\":\"https:\/\/degreed.com\/experience\/pt-br\/\",\"name\":\"Degreed\",\"description\":\"The Learning and Upskilling Platform\",\"publisher\":{\"@id\":\"https:\/\/degreed.com\/experience\/pt-br\/#organization\"},\"potentialAction\":[{\"@type\":\"SearchAction\",\"target\":{\"@type\":\"EntryPoint\",\"urlTemplate\":\"https:\/\/degreed.com\/experience\/pt-br\/?s={search_term_string}\"},\"query-input\":{\"@type\":\"PropertyValueSpecification\",\"valueRequired\":true,\"valueName\":\"search_term_string\"}}],\"inLanguage\":\"pt-BR\"},{\"@type\":\"Organization\",\"@id\":\"https:\/\/degreed.com\/experience\/pt-br\/#organization\",\"name\":\"Degreed\",\"url\":\"https:\/\/degreed.com\/experience\/pt-br\/\",\"logo\":{\"@type\":\"ImageObject\",\"inLanguage\":\"pt-BR\",\"@id\":\"https:\/\/degreed.com\/experience\/pt-br\/#\/schema\/logo\/image\/\",\"url\":\"https:\/\/explore.degreed.com\/wp-content\/uploads\/2023\/05\/logo.svg\",\"contentUrl\":\"https:\/\/explore.degreed.com\/wp-content\/uploads\/2023\/05\/logo.svg\",\"caption\":\"Degreed\"},\"image\":{\"@id\":\"https:\/\/degreed.com\/experience\/pt-br\/#\/schema\/logo\/image\/\"},\"sameAs\":[\"https:\/\/www.facebook.com\/DegreedOfficial\",\"https:\/\/x.com\/degreed\",\"https:\/\/www.linkedin.com\/company\/degreed\/\",\"https:\/\/www.youtube.com\/channel\/UCkH3pyPKVngvsZzZlmoH-Mw\",\"https:\/\/www.instagram.com\/degreed\/\"],\"numberOfEmployees\":{\"@type\":\"QuantitativeValue\",\"minValue\":\"201\",\"maxValue\":\"500\"}}]}<\/script>\n<!-- \/ Yoast SEO Premium plugin. -->","yoast_head_json":{"title":"Plataforma educacional e de upskilling | Solu\u00e7\u00f5es com IA - Degreed","description":"\u00c9 hora de repensar a aprendizagem com o poder da IA. A Degreed \u00e9 a sua plataforma de upskilling com aprendizagem completa, desenvolvimento direcionado de habilidades e dados em tempo real.","robots":{"index":"index","follow":"follow","max-snippet":"max-snippet:-1","max-image-preview":"max-image-preview:large","max-video-preview":"max-video-preview:-1"},"canonical":"https:\/\/degreed.com\/experience\/pt-br\/","og_locale":"pt_BR","og_type":"article","og_title":"Degreed","og_description":"\u00c9 hora de repensar a aprendizagem com o poder da IA. A Degreed \u00e9 a sua plataforma de upskilling com aprendizagem completa, desenvolvimento direcionado de habilidades e dados em tempo real.","og_url":"https:\/\/degreed.com\/experience\/pt-br\/","og_site_name":"Degreed","article_publisher":"https:\/\/www.facebook.com\/DegreedOfficial","article_modified_time":"2026-03-05T18:03:14+00:00","og_image":[{"width":1200,"height":630,"url":"https:\/\/explore.degreed.com\/wp-content\/uploads\/2023\/09\/meta-image-degreed.jpg","type":"image\/jpeg"}],"twitter_card":"summary_large_image","twitter_site":"@degreed","schema":{"@context":"https:\/\/schema.org","@graph":[{"@type":"WebPage","@id":"https:\/\/degreed.com\/experience\/pt-br\/","url":"https:\/\/degreed.com\/experience\/pt-br\/","name":"Plataforma educacional e de upskilling | Solu\u00e7\u00f5es com IA - Degreed","isPartOf":{"@id":"https:\/\/degreed.com\/experience\/pt-br\/#website"},"datePublished":"2026-02-13T11:34:06+00:00","dateModified":"2026-03-05T18:03:14+00:00","description":"\u00c9 hora de repensar a aprendizagem com o poder da IA. A Degreed \u00e9 a sua plataforma de upskilling com aprendizagem completa, desenvolvimento direcionado de habilidades e dados em tempo real.","breadcrumb":{"@id":"https:\/\/degreed.com\/experience\/pt-br\/#breadcrumb"},"inLanguage":"pt-BR","potentialAction":[{"@type":"ReadAction","target":["https:\/\/degreed.com\/experience\/pt-br\/"]}]},{"@type":"BreadcrumbList","@id":"https:\/\/degreed.com\/experience\/pt-br\/#breadcrumb","itemListElement":[{"@type":"ListItem","position":1,"name":"Home","item":"https:\/\/degreed.com\/experience\/pt-br\/"},{"@type":"ListItem","position":2,"name":"Degreed"}]},{"@type":"WebSite","@id":"https:\/\/degreed.com\/experience\/pt-br\/#website","url":"https:\/\/degreed.com\/experience\/pt-br\/","name":"Degreed","description":"The Learning and Upskilling Platform","publisher":{"@id":"https:\/\/degreed.com\/experience\/pt-br\/#organization"},"potentialAction":[{"@type":"SearchAction","target":{"@type":"EntryPoint","urlTemplate":"https:\/\/degreed.com\/experience\/pt-br\/?s={search_term_string}"},"query-input":{"@type":"PropertyValueSpecification","valueRequired":true,"valueName":"search_term_string"}}],"inLanguage":"pt-BR"},{"@type":"Organization","@id":"https:\/\/degreed.com\/experience\/pt-br\/#organization","name":"Degreed","url":"https:\/\/degreed.com\/experience\/pt-br\/","logo":{"@type":"ImageObject","inLanguage":"pt-BR","@id":"https:\/\/degreed.com\/experience\/pt-br\/#\/schema\/logo\/image\/","url":"https:\/\/explore.degreed.com\/wp-content\/uploads\/2023\/05\/logo.svg","contentUrl":"https:\/\/explore.degreed.com\/wp-content\/uploads\/2023\/05\/logo.svg","caption":"Degreed"},"image":{"@id":"https:\/\/degreed.com\/experience\/pt-br\/#\/schema\/logo\/image\/"},"sameAs":["https:\/\/www.facebook.com\/DegreedOfficial","https:\/\/x.com\/degreed","https:\/\/www.linkedin.com\/company\/degreed\/","https:\/\/www.youtube.com\/channel\/UCkH3pyPKVngvsZzZlmoH-Mw","https:\/\/www.instagram.com\/degreed\/"],"numberOfEmployees":{"@type":"QuantitativeValue","minValue":"201","maxValue":"500"}}]}},"publishpress_future_action":{"enabled":false,"date":"2026-04-13 11:31:00","action":"change-status","newStatus":"draft","terms":[],"taxonomy":"translation_priority","extraData":[]},"publishpress_future_workflow_manual_trigger":{"enabledWorkflows":[]},"_links":{"self":[{"href":"https:\/\/explore.degreed.com\/experience\/pt-br\/wp-json\/wp\/v2\/pages\/88263","targetHints":{"allow":["GET"]}}],"collection":[{"href":"https:\/\/explore.degreed.com\/experience\/pt-br\/wp-json\/wp\/v2\/pages"}],"about":[{"href":"https:\/\/explore.degreed.com\/experience\/pt-br\/wp-json\/wp\/v2\/types\/page"}],"author":[{"embeddable":true,"href":"https:\/\/explore.degreed.com\/experience\/pt-br\/wp-json\/wp\/v2\/users\/140"}],"replies":[{"embeddable":true,"href":"https:\/\/explore.degreed.com\/experience\/pt-br\/wp-json\/wp\/v2\/comments?post=88263"}],"version-history":[{"count":0,"href":"https:\/\/explore.degreed.com\/experience\/pt-br\/wp-json\/wp\/v2\/pages\/88263\/revisions"}],"wp:attachment":[{"href":"https:\/\/explore.degreed.com\/experience\/pt-br\/wp-json\/wp\/v2\/media?parent=88263"}],"wp:term":[{"taxonomy":"folder","embeddable":true,"href":"https:\/\/explore.degreed.com\/experience\/pt-br\/wp-json\/wp\/v2\/folder?post=88263"}],"curies":[{"name":"wp","href":"https:\/\/api.w.org\/{rel}","templated":true}]}}